{"id":2181,"date":"2024-03-18T16:03:16","date_gmt":"2024-03-18T16:03:16","guid":{"rendered":"https:\/\/kybernaut.cz\/plugins\/kybernaut-mailstep\/"},"modified":"2024-10-07T09:28:16","modified_gmt":"2024-10-07T09:28:16","slug":"kybernaut-mailstep","status":"publish","type":"page","link":"https:\/\/kybernaut.cz\/en\/plugins\/kybernaut-mailstep\/","title":{"rendered":"Kybernaut Mailstep"},"content":{"rendered":"\n<div class=\"wp-block-columns alignwide is-layout-flex wp-container-core-columns-is-layout-08c01c1c wp-block-columns-is-layout-flex\">\n<div class=\"wp-block-column is-layout-flow wp-block-column-is-layout-flow\" style=\"flex-basis:75%\">\n<h2 class=\"wp-block-heading\">Main features<\/h2>\n\n\n\n<ul class=\"wp-block-list is-style-checkmarks is-style-checkmark-list\">\n<li><strong>Newly received orders are sent<\/strong> to <a href=\"https:\/\/www.mailstep.cz\/\" target=\"_blank\" rel=\"noreferrer noopener nofollow\">Mailstep<\/a> according to the automation criteria you specify and continue to be tracked in your administration interface.<\/li>\n\n\n\n<li class=\"is-style-checkboxes\">If an order fails to send, it can be manually resent<\/li>\n\n\n\n<li class=\"is-style-checkboxes\"><strong>Order tracking<\/strong> in WooCommerce: The plugin updates order statuses (the store manager has an overview, and you can connect to sending emails, etc.).<\/li>\n\n\n\n<li class=\"is-style-checkboxes\"><strong>updating the warehouse<\/strong> from Mailstep to WooCommerce (manual and automatic)<\/li>\n<\/ul>\n\n\n\n<p>In addition, of course, it <strong>offers regular updates<\/strong> and the addition of new features, extensive <a href=\"https:\/\/help.kybernaut.cz\/help-kategorie\/mailstep\/\" data-type=\"URL\" data-id=\"https:\/\/help.kybernaut.cz\/help-kategorie\/mailstep\/\" target=\"_blank\" rel=\"noreferrer noopener\">documentation<\/a> and <a href=\"https:\/\/help.kybernaut.cz\/help\/filtry-pro-vyvojare\/\" target=\"_blank\" rel=\"noreferrer noopener nofollow\">filters for developers.<\/a> I <strong>work closely with Mailstep<\/strong> directly in its development.<\/p>\n\n\n\n<p>For full plugin functionality and support, an <strong>active<\/strong> <strong>subscription<\/strong> (license) is required for each separate WordPress installation where the plugin is used. In case of subscription expiration, orders will not be sent to Mailstep and support will not be provided. Old orders will not be affected by the subscription expiration.<\/p>\n\n\n\n<div style=\"margin-top:var(--wp--preset--spacing--40);height:0px\" aria-hidden=\"true\" class=\"wp-block-spacer\"><\/div>\n\n\n\n<h2 class=\"wp-block-heading is-style-default\">Compatibility<\/h2>\n\n\n\n<p>The plugin is compatible (= works with its data or passes data further) with the plugins and authors listed below in brackets:<\/p>\n\n\n\n<ul class=\"wp-block-list\">\n<li><strong>Shipping:<\/strong> <a href=\"https:\/\/wordpress.org\/plugins\/acs-points\/\" rel=\"nofollow noopener\" target=\"_blank\">ACS Points Plugin<\/a> (AfterSalesPro), <a href=\"https:\/\/wordpress.org\/plugins\/box-now-delivery\/\" rel=\"nofollow noopener\" target=\"_blank\">BOX NOW Delivery<\/a> (BOX NOW), <a href=\"https:\/\/wordpress.org\/plugins\/packeta\/\" rel=\"nofollow noopener\" target=\"_blank\">Packeta<\/a> (Z\u00e1silkovna), <a href=\"\/go\/toret\/zasilkovna\" rel=\"nofollow sponsored\">WooCommerce Z\u00e1silkovna<\/a> (Toret), <a href=\"\/go\/toret\/woodoprava\" rel=\"nofollow sponsored\">WooDoprava<\/a> (Toret), <a href=\"https:\/\/wordpress.org\/plugins\/wpify-woo\/\" rel=\"nofollow noopener\" target=\"_blank\">WPiFy Woo<\/a>: Z\u00e1silkovna (WpiFy)<\/li>\n\n\n\n<li><strong>Payment<\/strong>: <a href=\"\/go\/toret\/fio\" rel=\"nofollow sponsored\">Woo Fio<\/a> (Toret), <a href=\"\/go\/toret\/gopay-inline\" rel=\"nofollow sponsored\">Woo GoPay Inline<\/a> (Toret), <a href=\"\/go\/toret\/comgate\" rel=\"nofollow sponsored\">Toret Comgate<\/a> (Toret)<\/li>\n\n\n\n<li><strong>custoom order numbers: <\/strong>Booster Plus for WooCommerce (Booster), <a href=\"\/go\/toret\/order-numbers\/\" rel=\"nofollow sponsored\">Toret Order Numbers<\/a> (Toret), <a href=\"https:\/\/wordpress.org\/plugins\/woocommerce-sequential-order-numbers\/\" rel=\"nofollow noopener\" target=\"_blank\">WooCommerce Sequential Order Numbers<\/a> (SkyVerge), Sequential Number Pro (SkyVerge), <a href=\"https:\/\/wordpress.org\/plugins\/wt-woocommerce-sequential-order-numbers\/\" rel=\"nofollow noopener\" target=\"_blank\">Sequential Order Number for WooCommerce<\/a> (WebToffee)<\/li>\n\n\n\n<li><strong>VAT number<\/strong>: <a href=\"https:\/\/wordpress.org\/plugins\/woolab-ic-dic\/\" rel=\"nofollow noopener\" target=\"_blank\">Kybernaut I\u010cO DI\u010c<\/a>, <a href=\"https:\/\/wordpress.org\/plugins\/wpify-woo\/\" rel=\"nofollow noopener\" target=\"_blank\">WPiFy Woo<\/a>: I\u010cO a DI\u010c (WpiFy)<\/li>\n\n\n\n<li><strong>product bundles:<\/strong> <a href=\"https:\/\/cs.wordpress.org\/plugins\/woo-product-bundle\/\" rel=\"nofollow noopener\" target=\"_blank\">WPC Product Bundles for WooCommerce<\/a> (WPClever)<\/li>\n\n\n\n<li><strong>PDF invoices:<\/strong> <a href=\"https:\/\/wordpress.org\/plugins\/woocommerce-pdf-invoices-packing-slips\/\" rel=\"nofollow noopener\" target=\"_blank\">PDF Invoices Packing Slips for WooCommerce<\/a> (WP Overnight)<\/li>\n\n\n\n<li><strong>multilingual plugins<\/strong>: <a href=\"\/go\/wpml\" rel=\"nofollow sponsored\">WPML<\/a>, <a href=\"https:\/\/polylang.pro\/\" rel=\"nofollow noopener\" target=\"_blank\">Polylang<\/a><\/li>\n<\/ul>\n\n\n\n<p>If you are using some other extension for which the plugin does not work (it will work with most of them), <a href=\"https:\/\/kybernaut.cz\/en\/get-in-touch\/\">contact me<\/a>, and we will find a suitable solution together.<\/p>\n\n\n\n<div style=\"margin-top:var(--wp--preset--spacing--40);height:0px\" aria-hidden=\"true\" class=\"wp-block-spacer\"><\/div>\n\n\n\n<h2 class=\"wp-block-heading is-style-asterisk\">Additional services<\/h2>\n\n\n\n<p>I offer additional services to customers, please <a href=\"https:\/\/kybernaut.cz\/en\/get-in-touch\/\" data-type=\"page\" data-id=\"3\">contact me<\/a> to purchase them: <\/p>\n\n\n\n<ul class=\"wp-block-list\">\n<li><strong>installation and setup of the plugin<\/strong> (900 CZK without VAT)<\/li>\n\n\n\n<li>one-time <strong>creation of stock cards in Mailstep<\/strong> from data in WooCommerce (1800 CZK without VAT)<\/li>\n\n\n\n<li>one-time <strong>import of products <\/strong> from Mailstep to WooCommerce (1800 CZK without VAT)<\/li>\n<\/ul>\n\n\n\n<div style=\"margin-top:var(--wp--preset--spacing--40);height:0px\" aria-hidden=\"true\" class=\"wp-block-spacer\"><\/div>\n\n\n\n<div class=\"wp-block-columns is-layout-flex wp-container-core-columns-is-layout-28f84493 wp-block-columns-is-layout-flex\">\n<div class=\"wp-block-column is-layout-flow wp-block-column-is-layout-flow\" style=\"flex-basis:100%\">\n<div class=\"wp-block-group kbnt-rounded-tr-bl has-base-background-color has-background is-layout-flow wp-block-group-is-layout-flow\" style=\"padding-top:var(--wp--preset--spacing--30);padding-right:var(--wp--preset--spacing--30);padding-bottom:var(--wp--preset--spacing--30);padding-left:var(--wp--preset--spacing--30)\">\n<div class=\"wp-block-group has-global-padding is-content-justification-left is-layout-constrained wp-container-core-group-is-layout-12dd3699 wp-block-group-is-layout-constrained\">\n<p class=\"has-text-align-left\">We use the plugin when building shops for our clients. Thanks to its simple implementation, tons of features, and complete reliability, the icing on the cake is the plugin&#8217;s perfect support. If we have any queries or need help with custom use-case shops, we have an answer within a few hours and always manage to solve everything.  <\/p>\n\n\n\n<div class=\"wp-block-group is-vertical is-content-justification-left is-nowrap is-layout-flex wp-container-core-group-is-layout-0b94b808 wp-block-group-is-layout-flex\">\n<div class=\"wp-block-group is-nowrap is-layout-flex wp-container-core-group-is-layout-6c531013 wp-block-group-is-layout-flex\">\n<figure class=\"wp-block-image size-full is-resized has-custom-border\"><img loading=\"lazy\" decoding=\"async\" width=\"300\" height=\"300\" src=\"https:\/\/kybernaut.cz\/wp-content\/uploads\/2024\/09\/review-mailstep-marek-motyka.jpg\" alt=\"Marek Motyka\" class=\"wp-image-2718\" style=\"border-radius:100%;aspect-ratio:1;object-fit:cover;width:50px\" srcset=\"https:\/\/kybernaut.cz\/wp-content\/uploads\/2024\/09\/review-mailstep-marek-motyka.jpg 300w, https:\/\/kybernaut.cz\/wp-content\/uploads\/2024\/09\/review-mailstep-marek-motyka-50x50.jpg 50w\" sizes=\"auto, (max-width: 300px) 100vw, 300px\" \/><\/figure>\n\n\n\n<div class=\"wp-block-group is-vertical is-layout-flex wp-container-core-group-is-layout-4b827052 wp-block-group-is-layout-flex\">\n<p class=\"has-text-align-center\" style=\"margin-top:0;margin-bottom:0\">Marek Motyka<\/p>\n\n\n\n<p class=\"has-text-align-center has-custom-primary-color has-text-color has-small-font-size\" style=\"margin-top:0;margin-right:0;margin-bottom:0;margin-left:0;padding-top:0;padding-right:0;padding-bottom:0;padding-left:0;font-style:normal;font-weight:300\">Pixxi CEO<\/p>\n<\/div>\n<\/div>\n<\/div>\n<\/div>\n<\/div>\n<\/div>\n\n\n\n<div class=\"wp-block-column is-layout-flow wp-block-column-is-layout-flow\" style=\"flex-basis:100%\">\n<div class=\"wp-block-group has-global-padding is-layout-constrained wp-block-group-is-layout-constrained\">\n<div class=\"wp-block-group kbnt-rounded-tr-bl has-custom-light-gray-background-color has-background is-layout-flow wp-block-group-is-layout-flow\" style=\"padding-top:var(--wp--preset--spacing--30);padding-right:var(--wp--preset--spacing--30);padding-bottom:var(--wp--preset--spacing--30);padding-left:var(--wp--preset--spacing--30)\">\n<div class=\"wp-block-group has-global-padding is-content-justification-left is-layout-constrained wp-container-core-group-is-layout-12dd3699 wp-block-group-is-layout-constrained\">\n<p class=\"has-text-align-left\">Buying a plugin is easy, but it&#8217;s a big help to be able to contact the author about the settings.<\/p>\n\n\n\n<div class=\"wp-block-group is-vertical is-content-justification-left is-nowrap is-layout-flex wp-container-core-group-is-layout-0b94b808 wp-block-group-is-layout-flex\">\n<div class=\"wp-block-group is-nowrap is-layout-flex wp-container-core-group-is-layout-6c531013 wp-block-group-is-layout-flex\">\n<figure class=\"wp-block-image size-full is-resized has-custom-border\"><img loading=\"lazy\" decoding=\"async\" width=\"75\" height=\"75\" src=\"https:\/\/kybernaut.cz\/wp-content\/uploads\/2024\/03\/lukas-fronk.png\" alt=\"Luk&#xE1;&#x161; Fronk\" class=\"wp-image-833\" style=\"border-radius:100%;aspect-ratio:1;object-fit:cover;width:50px\"\/><\/figure>\n\n\n\n<div class=\"wp-block-group is-vertical is-layout-flex wp-container-core-group-is-layout-4b827052 wp-block-group-is-layout-flex\">\n<p class=\"has-text-align-center\" style=\"margin-top:0;margin-bottom:0\">Luk\u00e1\u0161 Fronk<\/p>\n\n\n\n<p class=\"has-text-align-center has-custom-primary-color has-text-color has-small-font-size\" style=\"margin-top:0;margin-right:0;margin-bottom:0;margin-left:0;padding-top:0;padding-right:0;padding-bottom:0;padding-left:0;font-style:normal;font-weight:300\">Designer<\/p>\n<\/div>\n<\/div>\n<\/div>\n<\/div>\n<\/div>\n\n\n\n<div class=\"wp-block-group kbnt-rounded-tr-bl has-base-background-color has-background is-layout-flow wp-block-group-is-layout-flow\" style=\"padding-top:var(--wp--preset--spacing--30);padding-right:var(--wp--preset--spacing--30);padding-bottom:var(--wp--preset--spacing--30);padding-left:var(--wp--preset--spacing--30)\">\n<div class=\"wp-block-group has-global-padding is-content-justification-left is-layout-constrained wp-container-core-group-is-layout-12dd3699 wp-block-group-is-layout-constrained\">\n<p class=\"has-text-align-left\">Our experience has been very positive. Mrs. Karol\u00edna Vysko\u010dilov\u00e1 provided us with full support during minor complications. The plugin works well and without any problems. We want to thank you for your help and for creating a plugin that offers a lot of possibilities.n, which offers a lot of possibilities.<\/p>\n\n\n\n<div class=\"wp-block-group is-vertical is-content-justification-left is-nowrap is-layout-flex wp-container-core-group-is-layout-0b94b808 wp-block-group-is-layout-flex\">\n<div class=\"wp-block-group is-nowrap is-layout-flex wp-container-core-group-is-layout-6c531013 wp-block-group-is-layout-flex\">\n<figure class=\"wp-block-image size-full is-resized has-custom-border\"><img loading=\"lazy\" decoding=\"async\" width=\"300\" height=\"300\" src=\"https:\/\/kybernaut.cz\/wp-content\/uploads\/2024\/09\/review-mailstep-jan-bartonicek.jpg\" alt=\"Jan Barton&#xED;&#x10D;ek\" class=\"wp-image-2722\" style=\"border-radius:100%;aspect-ratio:1;object-fit:cover;width:50px\" srcset=\"https:\/\/kybernaut.cz\/wp-content\/uploads\/2024\/09\/review-mailstep-jan-bartonicek.jpg 300w, https:\/\/kybernaut.cz\/wp-content\/uploads\/2024\/09\/review-mailstep-jan-bartonicek-50x50.jpg 50w\" sizes=\"auto, (max-width: 300px) 100vw, 300px\" \/><\/figure>\n\n\n\n<div class=\"wp-block-group is-vertical is-layout-flex wp-container-core-group-is-layout-4b827052 wp-block-group-is-layout-flex\">\n<p class=\"has-text-align-center\" style=\"margin-top:0;margin-bottom:0\">Jan Barton\u00ed\u010dek<\/p>\n\n\n\n<p class=\"has-text-align-center has-custom-primary-color has-text-color has-small-font-size\" style=\"margin-top:0;margin-right:0;margin-bottom:0;margin-left:0;padding-top:0;padding-right:0;padding-bottom:0;padding-left:0;font-style:normal;font-weight:300\">Weby od Honzy<\/p>\n<\/div>\n<\/div>\n<\/div>\n<\/div>\n<\/div>\n<\/div>\n<\/div>\n<\/div>\n<\/div>\n\n\n\n<div class=\"wp-block-column is-layout-flow wp-block-column-is-layout-flow\" style=\"flex-basis:25%\">\n<div class=\"wp-block-group kbnt-plugin has-custom-light-gray-background-color has-background is-layout-flow wp-block-group-is-layout-flow wp-container-1 is-position-sticky\" style=\"padding-top:var(--wp--preset--spacing--20);padding-right:var(--wp--preset--spacing--20);padding-bottom:var(--wp--preset--spacing--20);padding-left:var(--wp--preset--spacing--20)\"><figure style=\"aspect-ratio:1;height:100%; margin-bottom:var(--wp--preset--spacing--20);\" class=\"aligncenter wp-block-post-featured-image\"><img decoding=\"async\" width=\"256\" height=\"256\" src=\"https:\/\/kybernaut.cz\/wp-content\/uploads\/2024\/03\/icon-kybernaut-mailstep.svg\" class=\"attachment-post-thumbnail size-post-thumbnail wp-post-image\" alt=\"\" style=\"border-radius:0px;width:100%;height:100%;object-fit:cover;\" loading=\"lazy\"><\/figure>\n\n<p class=\"kbnt-plugin-info\"><strong>Active installs:<\/strong> 57<br><strong>Last version:<\/strong> 1.12.5<br><strong>Last updated:<\/strong> 3. 4. 2026<br><strong>Min. PHP version:<\/strong> 7.4<br><\/p>\n\n\n\n<p style=\"margin-bottom:var(--wp--preset--spacing--30)\"><a href=\"https:\/\/kybernaut.cz\/en\/plugins\/kybernaut-mailstep\/changelog-kybernaut-mailstep\/\" data-type=\"page\" data-id=\"272\">Changelog<\/a> | <a href=\"https:\/\/help.kybernaut.cz\" target=\"_blank\" rel=\"noreferrer noopener\">Documentation<\/a><\/p>\n\n\n\n\t\t<div class='wp-block-buttons is-layout-flex alignwide'>\n\t\t\t<div class='wp-block-button'><button class='wp-block-button__link wp-element-button' id='purchase-simple'>Subscribe for 99 \u20ac \/ year<\/button><\/div>\n\t\t\n<\/div>\n<\/div>\n<\/div>\n","protected":false},"excerpt":{"rendered":"<p>Connect the Mailstep logistics system and WooCommerce. It automatically sends orders for you, updates orders and stock statuses, and more.<\/p>\n","protected":false},"author":1,"featured_media":1508,"parent":2163,"menu_order":0,"comment_status":"closed","ping_status":"closed","template":"wp-custom-template-plugin-freemius","meta":{"_acf_changed":false,"iawp_total_views":218,"footnotes":""},"class_list":["post-2181","page","type-page","status-publish","has-post-thumbnail","hentry"],"acf":[],"_links":{"self":[{"href":"https:\/\/kybernaut.cz\/en\/wp-json\/wp\/v2\/pages\/2181","targetHints":{"allow":["GET"]}}],"collection":[{"href":"https:\/\/kybernaut.cz\/en\/wp-json\/wp\/v2\/pages"}],"about":[{"href":"https:\/\/kybernaut.cz\/en\/wp-json\/wp\/v2\/types\/page"}],"author":[{"embeddable":true,"href":"https:\/\/kybernaut.cz\/en\/wp-json\/wp\/v2\/users\/1"}],"replies":[{"embeddable":true,"href":"https:\/\/kybernaut.cz\/en\/wp-json\/wp\/v2\/comments?post=2181"}],"version-history":[{"count":6,"href":"https:\/\/kybernaut.cz\/en\/wp-json\/wp\/v2\/pages\/2181\/revisions"}],"predecessor-version":[{"id":2741,"href":"https:\/\/kybernaut.cz\/en\/wp-json\/wp\/v2\/pages\/2181\/revisions\/2741"}],"up":[{"embeddable":true,"href":"https:\/\/kybernaut.cz\/en\/wp-json\/wp\/v2\/pages\/2163"}],"wp:featuredmedia":[{"embeddable":true,"href":"https:\/\/kybernaut.cz\/en\/wp-json\/wp\/v2\/media\/1508"}],"wp:attachment":[{"href":"https:\/\/kybernaut.cz\/en\/wp-json\/wp\/v2\/media?parent=2181"}],"curies":[{"name":"wp","href":"https:\/\/api.w.org\/{rel}","templated":true}]}}