{"id":2176,"date":"2024-03-19T18:29:42","date_gmt":"2024-03-19T18:29:42","guid":{"rendered":"https:\/\/kybernaut.cz\/home-page\/"},"modified":"2025-02-25T14:11:09","modified_gmt":"2025-02-25T14:11:09","slug":"home-page","status":"publish","type":"page","link":"https:\/\/kybernaut.cz\/en\/","title":{"rendered":"Home page"},"content":{"rendered":"\n<div class=\"wp-block-group alignfull kbnt-root-padding-lr has-global-padding is-layout-constrained wp-container-core-group-is-layout-024759bf wp-block-group-is-layout-constrained\" style=\"margin-top:0;margin-bottom:0;padding-top:var(--wp--preset--spacing--40);padding-right:var(--wp--preset--spacing--40);padding-bottom:0px;padding-left:var(--wp--preset--spacing--40)\">\n<div class=\"wp-block-columns alignwide are-vertically-aligned-center is-layout-flex wp-container-core-columns-is-layout-9c22b1e3 wp-block-columns-is-layout-flex\">\n<div class=\"wp-block-column is-vertically-aligned-center is-layout-flow wp-container-core-column-is-layout-c951c46d wp-block-column-is-layout-flow\" style=\"flex-basis:60%\">\n<div class=\"wp-block-group has-global-padding is-content-justification-left is-layout-constrained wp-container-core-group-is-layout-12dd3699 wp-block-group-is-layout-constrained\">\n<h1 class=\"wp-block-heading\">Karol\u00edna Vysko\u010dilov\u00e1<\/h1>\n\n\n\n<p class=\"has-contrast-2-color has-text-color has-link-color has-x-large-font-size wp-elements-d8d2e8d16304c93ef11c9ddf6b187563\" style=\"line-height:1.2\">WordPress and WooCommerce developer and consultant with more than 10 years of experience<\/p>\n<\/div>\n\n\n\n<div class=\"wp-block-group is-nowrap is-layout-flex wp-container-core-group-is-layout-fc054d2d wp-block-group-is-layout-flex\">\n<figure class=\"wp-block-image size-large\"><img width=\"220\" height=\"45\" loading=\"eager\" decoding=\"sync\" src=\"https:\/\/kybernaut.cz\/wp-content\/uploads\/2024\/05\/wordpress-aligned.svg\" alt=\"\" class=\"wp-image-1130\"><\/figure>\n\n\n\n<figure class=\"wp-block-image size-large\"><img width=\"191\" height=\"46\" loading=\"eager\" decoding=\"sync\" src=\"https:\/\/kybernaut.cz\/wp-content\/uploads\/2024\/05\/woocommer-aligned.svg\" alt=\"\" class=\"wp-image-1134\"><\/figure>\n\n\n\n<figure class=\"wp-block-image size-large\"><img width=\"139\" height=\"45\" loading=\"eager\" decoding=\"sync\" src=\"https:\/\/kybernaut.cz\/wp-content\/uploads\/2024\/05\/make-aligned.svg\" alt=\"\" class=\"wp-image-1128\"><\/figure>\n<\/div>\n<\/div>\n\n\n\n<div class=\"wp-block-column is-vertically-aligned-center is-layout-flow wp-block-column-is-layout-flow\" style=\"flex-basis:40%\">\n<div class=\"wp-block-group kbnt-circle is-content-justification-center is-nowrap is-layout-flex wp-container-core-group-is-layout-23441af8 wp-block-group-is-layout-flex\">\n<figure class=\"wp-block-image alignright size-full is-resized is-style-default kbnt-shadow\"><img fetchpriority=\"high\" width=\"290\" height=\"500\" loading=\"eager\" decoding=\"sync\" src=\"https:\/\/kybernaut.cz\/wp-content\/uploads\/2024\/06\/karolina-vyskocilova-homepage-small.png\" alt=\"Karol&#xED;na Vysko&#x10D;ilov&#xE1;\" class=\"wp-image-2326\" style=\"width:auto;height:500px\" srcset=\"https:\/\/kybernaut.cz\/wp-content\/uploads\/2024\/06\/karolina-vyskocilova-homepage-small.png 290w, https:\/\/kybernaut.cz\/wp-content\/uploads\/2024\/06\/karolina-vyskocilova-homepage-small-50x86.png 50w\" sizes=\"(max-width: 290px) 100vw, 290px\" \/><\/figure>\n<\/div>\n<\/div>\n<\/div>\n<\/div>\n\n<div class=\"wp-block-group alignfull kbnt-root-padding-lr has-custom-lightgray-to-white-gradient-background has-background has-global-padding is-layout-constrained wp-container-core-group-is-layout-b29c05c7 wp-block-group-is-layout-constrained\" style=\"margin-top:0;margin-bottom:var(--wp--preset--spacing--40);padding-top:var(--wp--preset--spacing--10);padding-right:var(--wp--preset--spacing--40);padding-bottom:var(--wp--preset--spacing--10);padding-left:var(--wp--preset--spacing--40)\">\n<div class=\"wp-block-group alignwide is-layout-grid wp-container-core-group-is-layout-074b09d7 wp-block-group-is-layout-grid\" id=\"sluzby\" style=\"margin-top:var(--wp--preset--spacing--50);margin-bottom:0\">\n<a href=\"https:\/\/kybernaut.cz\/vyvoj\/#web\" class=\"kbnt-link\">\n    <div class=\"acf-innerblocks-container\">\n\n<figure class=\"wp-block-image size-large is-resized\"><img loading=\"lazy\" decoding=\"async\" width=\"1024\" height=\"1063\" src=\"https:\/\/kybernaut.cz\/wp-content\/uploads\/2024\/03\/coding-website.svg\" alt=\"\" class=\"wp-image-555\" style=\"width:40px\"><\/figure>\n\n\n\n<p class=\"has-custom-primary-color has-text-color has-link-color has-small-font-size wp-elements-fb4c98eeb97ce095245f46eecacd5886\" style=\"margin-bottom:0;text-transform:uppercase\">from design to WordPress<\/p>\n\n\n\n<h2 class=\"wp-block-heading\" style=\"margin-top:0;margin-bottom:0\">Custom website<\/h2>\n\n\n\n<p class=\"has-text-align-left\">From the graphic design, I will create a tailor-made WordPress theme or FSE theme for easy future management and updates.<\/p>\n\n<\/div>\n<\/a>\n\n\n<a href=\"https:\/\/kybernaut.cz\/vyvoj\/#woocommerce\" class=\"kbnt-link\">\n    <div class=\"acf-innerblocks-container\">\n\n<figure class=\"wp-block-image size-large is-resized\"><img loading=\"lazy\" decoding=\"async\" width=\"256\" height=\"256\" src=\"https:\/\/kybernaut.cz\/wp-content\/uploads\/2024\/03\/woo-black-down.svg\" alt=\"\" class=\"wp-image-577\" style=\"width:40px\"><\/figure>\n\n\n\n<p class=\"has-custom-primary-color has-text-color has-link-color has-small-font-size wp-elements-5f842668ff09370e398c74f08dd652dc\" style=\"margin-bottom:0;text-transform:uppercase\">Time is money<\/p>\n\n\n\n<h2 class=\"wp-block-heading\" style=\"margin-top:0;margin-bottom:0\">WooCommerce<\/h2>\n\n\n\n<p>I will tweak an existing e-shop and add missing functionality or connection. I know the implementation for WooCommerce like very few people in the Czech Republic.<\/p>\n\n<\/div>\n<\/a>\n\n\n<a href=\"https:\/\/kybernaut.cz\/vyvoj\/#pluginy\" class=\"kbnt-link\">\n    <div class=\"acf-innerblocks-container\">\n\n<figure class=\"wp-block-image size-large is-resized\"><img loading=\"lazy\" decoding=\"async\" width=\"256\" height=\"256\" src=\"https:\/\/kybernaut.cz\/wp-content\/uploads\/2024\/03\/plugin.svg\" alt=\"\" class=\"wp-image-584\" style=\"width:40px\"><\/figure>\n\n\n\n<p class=\"has-custom-primary-color has-text-color has-link-color has-small-font-size wp-elements-75b5c7be452b6672e1c2f986cfa73583\" style=\"margin-bottom:0;text-transform:uppercase\">Unlock new possibilities<\/p>\n\n\n\n<h2 class=\"wp-block-heading\" style=\"margin-top:0;margin-bottom:0\">Plugins and features<\/h2>\n\n\n\n<p class=\"has-text-align-left\">I will connect the site with other applications or add missing features. I can also handle a custom plugin for your service and get it into the WP repository as well.<\/p>\n\n<\/div>\n<\/a>\n\n\n<a href=\"https:\/\/kybernaut.cz\/konzultace\/\" class=\"kbnt-link\">\n    <div class=\"acf-innerblocks-container\">\n\n<figure class=\"wp-block-image size-large is-resized\"><img loading=\"lazy\" decoding=\"async\" width=\"92\" height=\"88\" src=\"https:\/\/kybernaut.cz\/wp-content\/uploads\/2024\/05\/icon-consultation-5.svg\" alt=\"\" class=\"wp-image-905\" style=\"width:40px\"><\/figure>\n\n\n\n<p class=\"has-custom-primary-color has-text-color has-link-color has-small-font-size wp-elements-ae91e6ec3592f2970a4bca1af638fc93\" style=\"margin-bottom:0;text-transform:uppercase\">Ask<\/p>\n\n\n\n<h2 class=\"wp-block-heading\" style=\"margin-top:0;margin-bottom:0\">Consultation<\/h2>\n\n\n\n<p class=\"has-text-align-left\">Take advantage of my knowledge and experience for your project or team. You&#8217;ll save time and money that you would have wasted trying out non-functional alternatives. Tomorrow if you wish.<\/p>\n\n<\/div>\n<\/a>\n\n\n<a href=\"https:\/\/kybernaut.cz\/web-performance\/\" class=\"kbnt-link\">\n    <div class=\"acf-innerblocks-container\">\n\n<figure class=\"wp-block-image size-large is-resized\"><img loading=\"lazy\" decoding=\"async\" width=\"100\" height=\"100\" src=\"https:\/\/kybernaut.cz\/wp-content\/uploads\/2024\/03\/speed.svg\" alt=\"\" class=\"wp-image-593\" style=\"width:40px\"><\/figure>\n\n\n\n<p class=\"has-custom-primary-color has-text-color has-link-color has-small-font-size wp-elements-90e74dcf4ab8e4a53cc1ab367c9549fd\" style=\"margin-bottom:0;text-transform:uppercase\">Web performance<\/p>\n\n\n\n<h2 class=\"wp-block-heading\" style=\"margin-top:0;margin-bottom:0\">Optimalization<\/h2>\n\n\n\n<p class=\"has-text-align-left\">Page speed matters. I will analyze your website and pinpoint the problems. I will focus on the areas of greatest benefit.<\/p>\n\n<\/div>\n<\/a>\n\n\n<a href=\"https:\/\/kybernaut.cz\/automatizace\/\" class=\"kbnt-link\">\n    <div class=\"acf-innerblocks-container\">\n\n<figure class=\"wp-block-image size-large is-resized\"><img loading=\"lazy\" decoding=\"async\" width=\"92\" height=\"82\" src=\"https:\/\/kybernaut.cz\/wp-content\/uploads\/2024\/05\/icon-automation-3.svg\" alt=\"\" class=\"wp-image-914\" style=\"width:40px\"><\/figure>\n\n\n\n<p class=\"has-custom-primary-color has-text-color has-link-color has-small-font-size wp-elements-19c714f44c21358d34d3ac003b96069c\" style=\"margin-bottom:0;text-transform:uppercase\">Don&#8217;t repeat yourself<\/p>\n\n\n\n<h2 class=\"wp-block-heading\" style=\"margin-top:0;margin-bottom:0\">Automation<\/h2>\n\n\n\n<p class=\"has-text-align-left\">Repetitive online tasks? Connecting two services that don&#8217;t understand each other? Using the Make platform, I&#8217;ll create an automation that does it for you.<\/p>\n\n<\/div>\n<\/a><\/div>\n\n\n\n<div class=\"wp-block-group alignwide is-layout-flow wp-block-group-is-layout-flow\">\n<p class=\"has-contrast-3-color has-text-color has-link-color wp-elements-514407bc7bb9a39c470159d0079cf09f\">P.S. I can work with your graphic designer, UX designer, marketing, or SEO team, but I can&#8217;t currently arrange either. I&#8217;d be happy to connect you with industry colleagues. I don&#8217;t work with page builders (Elementor, Divi), I don&#8217;t maintain websites that someone else has developed, and I don&#8217;t currently build large e-shops.<\/p>\n<\/div>\n<\/div>\n\n<div class=\"wp-block-columns alignwide are-vertically-aligned-center is-layout-flex wp-container-core-columns-is-layout-cf7c5cba wp-block-columns-is-layout-flex\" style=\"margin-top:var(--wp--preset--spacing--30)\">\n<div class=\"wp-block-column is-vertically-aligned-center is-layout-flow wp-block-column-is-layout-flow\" style=\"flex-basis:40%\">\n<div class=\"wp-block-group alignwide is-nowrap is-layout-flex wp-container-core-group-is-layout-6c531013 wp-block-group-is-layout-flex\">\n<div class=\"wp-block-group alignwide kbnt-rounded-tr-bl has-base-background-color has-background has-global-padding is-layout-constrained wp-container-core-group-is-layout-8bf51df4 wp-block-group-is-layout-constrained\" style=\"margin-top:0;margin-bottom:0;padding-top:var(--wp--preset--spacing--30);padding-right:var(--wp--preset--spacing--30);padding-bottom:var(--wp--preset--spacing--30);padding-left:var(--wp--preset--spacing--30)\">\n<div class=\"wp-block-group has-global-padding is-layout-constrained wp-block-group-is-layout-constrained\">\n<p class=\"has-text-align-left\">Karolina has built and launched a rider acquisition platform for Delivery Hero (more than 25 brands in 40 countries). The delivered platform allows us to generate customised landing pages in each of our markets to support our continuous rider hiring efforts. Thanks to the advanced templating system, localisation, and re-usable deployment packaging, we saw an easy and rapid rollout across all the countries. Karolina has proved to be very effective both when working independently, helping us to guide our plans in the right direction, and also working more integrated with our engineering teams.<\/p>\n\n\n\n<div class=\"wp-block-group is-vertical is-content-justification-left is-nowrap is-layout-flex wp-container-core-group-is-layout-0b94b808 wp-block-group-is-layout-flex\">\n<div class=\"wp-block-group is-nowrap is-layout-flex wp-container-core-group-is-layout-6c531013 wp-block-group-is-layout-flex\">\n<figure class=\"wp-block-image size-w50 is-resized has-custom-border\"><img loading=\"lazy\" decoding=\"async\" width=\"50\" height=\"50\" src=\"https:\/\/kybernaut.cz\/wp-content\/uploads\/2024\/03\/vojtech-vondra-50x50.jpeg\" alt=\"\" class=\"wp-image-702\" style=\"border-radius:100%;aspect-ratio:1;object-fit:cover;width:50px\" srcset=\"https:\/\/kybernaut.cz\/wp-content\/uploads\/2024\/03\/vojtech-vondra-50x50.jpeg 50w, https:\/\/kybernaut.cz\/wp-content\/uploads\/2024\/03\/vojtech-vondra-350x350.jpeg 350w, https:\/\/kybernaut.cz\/wp-content\/uploads\/2024\/03\/vojtech-vondra-300x300.jpeg 300w, https:\/\/kybernaut.cz\/wp-content\/uploads\/2024\/03\/vojtech-vondra.jpeg 400w\" sizes=\"auto, (max-width: 50px) 100vw, 50px\" \/><\/figure>\n\n\n\n<div class=\"wp-block-group is-vertical is-layout-flex wp-container-core-group-is-layout-4b827052 wp-block-group-is-layout-flex\">\n<p class=\"has-text-align-center\" style=\"margin-top:0;margin-bottom:0\">Vojt\u011bch Vondra<\/p>\n\n\n\n<p class=\"has-custom-primary-color has-text-color has-small-font-size\" style=\"margin-top:0;margin-right:0;margin-bottom:0;margin-left:0;padding-top:0;padding-right:0;padding-bottom:0;padding-left:0;font-style:normal;font-weight:300\">Senior Director, Delivery Hero SE<\/p>\n<\/div>\n<\/div>\n<\/div>\n<\/div>\n<\/div>\n<\/div>\n<\/div>\n\n\n\n<div class=\"wp-block-column is-vertically-aligned-center is-layout-flow wp-block-column-is-layout-flow\" style=\"flex-basis:60%\">\n<div class=\"wp-block-group alignfull kbnt-grid-rg-30 is-layout-grid wp-container-core-group-is-layout-c8fa1f15 wp-block-group-is-layout-grid\" id=\"loga\" style=\"margin-top:0;margin-bottom:0;padding-right:0;padding-left:0\">\n<div class=\"wp-block-group is-content-justification-center is-nowrap is-layout-flex wp-container-core-group-is-layout-23441af8 wp-block-group-is-layout-flex\">\n<figure class=\"wp-block-image size-full is-resized\"><img loading=\"lazy\" decoding=\"async\" width=\"500\" height=\"117\" src=\"https:\/\/kybernaut.cz\/wp-content\/uploads\/2024\/05\/profinit_logo_2025_amdocs_rgb.svg\" alt=\"Profinit - An Amdocs Company\" class=\"wp-image-2863\" style=\"width:200px;height:auto\"\/><\/figure>\n<\/div>\n\n\n\n<div class=\"wp-block-group is-content-justification-center is-nowrap is-layout-flex wp-container-core-group-is-layout-23441af8 wp-block-group-is-layout-flex\">\n<figure class=\"wp-block-image size-large is-resized\"><img loading=\"lazy\" decoding=\"async\" width=\"140\" height=\"35\" src=\"https:\/\/kybernaut.cz\/wp-content\/uploads\/2024\/03\/client-softopus.svg\" alt=\"softopus\" class=\"wp-image-673\" style=\"width:200px\"\/><\/figure>\n<\/div>\n\n\n\n<div class=\"wp-block-group is-vertical is-content-justification-center is-layout-flex wp-container-core-group-is-layout-b6c1f246 wp-block-group-is-layout-flex\">\n<figure class=\"wp-block-image size-large is-resized\"><img loading=\"lazy\" decoding=\"async\" width=\"189\" height=\"46\" src=\"https:\/\/kybernaut.cz\/wp-content\/uploads\/2024\/03\/client-av-medical.svg\" alt=\"AV Medical\" class=\"wp-image-696\" style=\"width:200px\"\/><\/figure>\n<\/div>\n\n\n\n<div class=\"wp-block-group is-content-justification-center is-nowrap is-layout-flex wp-container-core-group-is-layout-23441af8 wp-block-group-is-layout-flex\">\n<figure class=\"wp-block-image size-large is-resized\"><img loading=\"lazy\" decoding=\"async\" width=\"120\" height=\"16\" src=\"https:\/\/kybernaut.cz\/wp-content\/uploads\/2024\/03\/client-skoda.svg\" alt=\"&#x160;koda\" class=\"wp-image-675\" style=\"width:200px\"\/><\/figure>\n<\/div>\n\n\n\n<div class=\"wp-block-group is-content-justification-center is-nowrap is-layout-flex wp-container-core-group-is-layout-23441af8 wp-block-group-is-layout-flex\">\n<figure class=\"wp-block-image size-large is-resized\"><img loading=\"lazy\" decoding=\"async\" width=\"1190\" height=\"538\" src=\"https:\/\/kybernaut.cz\/wp-content\/uploads\/2024\/03\/client-sshr.svg\" alt=\"SSHR - Czech reserves\" class=\"wp-image-700\" style=\"width:auto;height:50px\"\/><\/figure>\n<\/div>\n\n\n\n<div class=\"wp-block-group is-content-justification-center is-nowrap is-layout-flex wp-container-core-group-is-layout-23441af8 wp-block-group-is-layout-flex\">\n<figure class=\"wp-block-image size-large is-resized\"><img loading=\"lazy\" decoding=\"async\" width=\"269\" height=\"29\" src=\"https:\/\/kybernaut.cz\/wp-content\/uploads\/2024\/03\/client-filbec.svg\" alt=\"filbec &#x2013; 100% water\" class=\"wp-image-684\" style=\"width:200px\"\/><\/figure>\n<\/div>\n\n\n\n<div class=\"wp-block-group is-content-justification-center is-nowrap is-layout-flex wp-container-core-group-is-layout-23441af8 wp-block-group-is-layout-flex\">\n<figure class=\"wp-block-image size-large is-resized\"><img loading=\"lazy\" decoding=\"async\" width=\"631\" height=\"112\" src=\"https:\/\/kybernaut.cz\/wp-content\/uploads\/2024\/05\/formetal.svg\" alt=\"Formetal\" class=\"wp-image-2958\" style=\"width:200px\"\/><\/figure>\n<\/div>\n\n\n\n<div class=\"wp-block-group is-content-justification-center is-nowrap is-layout-flex wp-container-core-group-is-layout-23441af8 wp-block-group-is-layout-flex\">\n<figure class=\"wp-block-image size-large is-resized\"><img loading=\"lazy\" decoding=\"async\" width=\"794\" height=\"113\" src=\"https:\/\/kybernaut.cz\/wp-content\/uploads\/2024\/03\/client-npi.svg\" alt=\"National Pedagogical Institute of the Czech Republic\" class=\"wp-image-670\" style=\"width:200px\"\/><\/figure>\n<\/div>\n\n\n\n<div class=\"wp-block-group is-content-justification-center is-nowrap is-layout-flex wp-container-core-group-is-layout-23441af8 wp-block-group-is-layout-flex\">\n<figure class=\"wp-block-image size-large is-resized\"><img loading=\"lazy\" decoding=\"async\" width=\"173\" height=\"28\" src=\"https:\/\/kybernaut.cz\/wp-content\/uploads\/2024\/03\/client-deliveryhero.svg\" alt=\"Delivery Hero\" class=\"wp-image-660\" style=\"width:200px\"\/><\/figure>\n<\/div>\n\n\n\n<div class=\"wp-block-group is-vertical is-content-justification-center is-layout-flex wp-container-core-group-is-layout-b6c1f246 wp-block-group-is-layout-flex\">\n<figure class=\"wp-block-image size-large is-resized\"><img loading=\"lazy\" decoding=\"async\" width=\"1062\" height=\"297\" src=\"https:\/\/kybernaut.cz\/wp-content\/uploads\/2024\/03\/client-manta.svg\" alt=\"manta\" class=\"wp-image-663\" style=\"width:200px\"\/><\/figure>\n<\/div>\n\n\n\n<div class=\"wp-block-group is-vertical is-content-justification-center is-layout-flex wp-container-core-group-is-layout-b6c1f246 wp-block-group-is-layout-flex\">\n<figure class=\"wp-block-image size-large is-resized\"><img loading=\"lazy\" decoding=\"async\" width=\"190\" height=\"29\" src=\"https:\/\/kybernaut.cz\/wp-content\/uploads\/2024\/03\/client-czech-tourism.svg\" alt=\"CzechTourism\" class=\"wp-image-731\" style=\"width:200px\"\/><\/figure>\n<\/div>\n\n\n\n<div class=\"wp-block-group is-vertical is-content-justification-center is-layout-flex wp-container-core-group-is-layout-b6c1f246 wp-block-group-is-layout-flex\">\n<p class=\"has-contrast-2-color has-text-color has-link-color wp-elements-ae1cea2ab29c16c22d46b21530cf03fe\">and many others&#8230;<\/p>\n<\/div>\n<\/div>\n<\/div>\n<\/div>\n\n<div class=\"wp-block-buttons is-content-justification-center is-layout-flex wp-container-core-buttons-is-layout-a89b3969 wp-block-buttons-is-layout-flex\">\n<div class=\"wp-block-button\"><a class=\"wp-block-button__link wp-element-button\" href=\"https:\/\/kybernaut.cz\/en\/portfolio\/\">Go to portfolio \u2192<\/a><\/div>\n<\/div>\n\n<div class=\"wp-block-group alignfull kbnt-root-padding-lr has-custom-lightgray-to-white-gradient-background has-background has-global-padding is-layout-constrained wp-container-core-group-is-layout-eaa72f68 wp-block-group-is-layout-constrained\" style=\"margin-top:var(--wp--preset--spacing--50);margin-bottom:0;padding-top:var(--wp--preset--spacing--40);padding-right:var(--wp--preset--spacing--40);padding-bottom:0;padding-left:var(--wp--preset--spacing--40)\">\n<h2 class=\"wp-block-heading has-text-align-center\">Premium plugins<\/h2>\n\n\n\n<p class=\"has-text-align-center\">In addition to custom integrations, I offer several plugins you can purchase immediately or download for free at wordpress.org.<\/p>\n\n\n\n<div class=\"wp-block-columns alignwide is-layout-flex wp-container-core-columns-is-layout-d0846407 wp-block-columns-is-layout-flex\">\n<div class=\"wp-block-column is-layout-flow wp-container-core-column-is-layout-f5bb311e wp-block-column-is-layout-flow\">\n<div class=\"wp-block-group has-global-padding is-layout-constrained wp-container-core-group-is-layout-639b5052 wp-block-group-is-layout-constrained\" style=\"padding-top:0;padding-right:0;padding-bottom:0;padding-left:0\">\n<a href=\"https:\/\/kybernaut.cz\/go\/phone-validator-and-formatter\" class=\"kbnt-page-link kbnt-page-link--custom\">\n    <div class=\"wp-block-group is-nowrap is-layout-flex wp-block-group-is-layout-flex\" style=\"flex-flow: nowrap row; \">\n                    <div class=\"is-style-rounded is-style-rounded--2\" style=\"overflow:hidden\" ;>\n                <figure class=\"wp-block-image size-large\" style=\"--image: url('https:\/\/kybernaut.cz\/wp-content\/uploads\/2025\/01\/ico-phone-validator-and-formater.webp')\">\n                    <img decoding=\"async\" width=\"160\" height=\"160\" src=\"https:\/\/kybernaut.cz\/wp-content\/uploads\/2025\/01\/ico-phone-validator-and-formater.webp\" class=\"attachment-210x0 size-210x0\" alt=\"Phone Validator and Formater ikona\" loading=\"lazy\" srcset=\"https:\/\/kybernaut.cz\/wp-content\/uploads\/2025\/01\/ico-phone-validator-and-formater.webp 160w, https:\/\/kybernaut.cz\/wp-content\/uploads\/2025\/01\/ico-phone-validator-and-formater-50x50.webp 50w\" sizes=\"auto, (max-width: 160px) 100vw, 160px\" \/>                <\/figure>\n            <\/div>\n                <div class=\"wp-block-group has-global-padding is-layout-constrained wp-block-group-is-layout-constrained\">\n            <h3 class=\"wp-block-heading\" style=\"\">Phone Validator and Formatter for WooCommerce<\/h3>\n            <p style=\"margin-top:0.5em\">Ensure valid and consistent phone numbers across your store. Validate and format them seamlessly during order creation, order edits, and profile updates.<\/p>\n            <p class=\"has-contrast-2-color has-text-color has-link-color has-small-font-size\"><em>Buy via the official WooCommerce Marketplace<\/em><\/p>\n            <div class=\"wp-block-group alignwide is-nowrap is-layout-flex wp-container-core-group-is-layout-12 wp-block-group-is-layout-flex\" style=\"margin-top:0;margin-bottom:0\">\n                <figure class=\"wp-block-image alignwide size-thumbnail\">\n                    <img decoding=\"async\" width=\"191\" height=\"46\" src=\"https:\/\/kybernaut.cz\/wp-content\/uploads\/2024\/05\/woocommer-aligned.svg\" class=\"attachment-100x0 size-100x0\" alt=\"\" loading=\"lazy\" style=\"max-width: 100px\">                <\/figure>\n            <\/div>\n        <\/div>\n    <\/div>\n<\/a><\/div>\n<\/div>\n\n\n\n<div class=\"wp-block-column is-layout-flow wp-container-core-column-is-layout-f5bb311e wp-block-column-is-layout-flow\">\n<a href=\"https:\/\/kybernaut.cz\/en\/plugins\/kybernaut-messenger\/\" class=\"kbnt-page-link\">\n    <div class=\"wp-block-group is-nowrap is-layout-flex wp-block-group-is-layout-flex\" style=\"flex-flow: nowrap row; \">\n                    <figure class=\"wp-block-image size-large\" style=\"--image: url('https:\/\/kybernaut.cz\/wp-content\/uploads\/2024\/03\/icon-kybernaut-messenger.svg')\">\n                <img width=\"256\" height=\"256\" src=\"https:\/\/kybernaut.cz\/wp-content\/uploads\/2024\/03\/icon-kybernaut-messenger.svg\" class=\"attachment-210x0 size-210x0 wp-post-image\" alt=\"\" loading=\"eager\" decoding=\"sync\">            <\/figure>\n                <div class=\"wp-block-group has-global-padding is-layout-constrained wp-block-group-is-layout-constrained\">\n            <h3 class=\"wp-block-heading\" style=\"\">Kybernaut Messenger<\/h3>\n            <p style=\"margin-top:0.5em\">Add a new shipping method \u2013 Messenger (Czech express courier service). After payment, orders are sent to Messenger, and package pickup is scheduled.<\/p>\n        <\/div>\n    <\/div>\n<\/a>\n\n\n<div class=\"wp-block-group has-global-padding is-layout-constrained wp-block-group-is-layout-constrained\">\n<a href=\"https:\/\/kybernaut.cz\/en\/plugins\/kybernaut-mailstep\/\" class=\"kbnt-page-link\">\n    <div class=\"wp-block-group is-nowrap is-layout-flex wp-block-group-is-layout-flex\" style=\"flex-flow: nowrap row; \">\n                    <figure class=\"wp-block-image size-large\" style=\"--image: url('https:\/\/kybernaut.cz\/wp-content\/uploads\/2024\/03\/icon-kybernaut-mailstep.svg')\">\n                <img width=\"256\" height=\"256\" src=\"https:\/\/kybernaut.cz\/wp-content\/uploads\/2024\/03\/icon-kybernaut-mailstep.svg\" class=\"attachment-210x0 size-210x0 wp-post-image\" alt=\"\" loading=\"eager\" decoding=\"sync\">            <\/figure>\n                <div class=\"wp-block-group has-global-padding is-layout-constrained wp-block-group-is-layout-constrained\">\n            <h3 class=\"wp-block-heading\" style=\"\">Kybernaut Mailstep<\/h3>\n            <p style=\"margin-top:0.5em\">Connect the Mailstep logistics system and WooCommerce. It automatically sends orders for you, updates orders and stock statuses, and more.<\/p>\n        <\/div>\n    <\/div>\n<\/a><\/div>\n<\/div>\n<\/div>\n\n\n\n<div class=\"wp-block-buttons is-content-justification-center is-layout-flex wp-container-core-buttons-is-layout-d2a3880e wp-block-buttons-is-layout-flex\" style=\"margin-top:var(--wp--preset--spacing--30)\">\n<div class=\"wp-block-button is-style-outline is-style-outline--1\"><a class=\"wp-block-button__link wp-element-button\" href=\"https:\/\/kybernaut.cz\/en\/plugins\/\">See all plugins \u2192<\/a><\/div>\n<\/div>\n<\/div>\n","protected":false},"excerpt":{"rendered":"<p>Karol\u00edna Vysko\u010dilov\u00e1 WordPress and WooCommerce developer and consultant with more than 10 years of experience P.S. I can work with your graphic designer, UX designer, marketing, or SEO team, but I can&#8217;t currently arrange either. I&#8217;d be happy to connect you with industry colleagues. I don&#8217;t work with page builders (Elementor, Divi), I don&#8217;t maintain [&hellip;]<\/p>\n","protected":false},"author":1,"featured_media":0,"parent":0,"menu_order":0,"comment_status":"closed","ping_status":"closed","template":"page-no-title","meta":{"_acf_changed":false,"iawp_total_views":405,"footnotes":""},"class_list":["post-2176","page","type-page","status-publish","hentry"],"acf":[],"_links":{"self":[{"href":"https:\/\/kybernaut.cz\/en\/wp-json\/wp\/v2\/pages\/2176","targetHints":{"allow":["GET"]}}],"collection":[{"href":"https:\/\/kybernaut.cz\/en\/wp-json\/wp\/v2\/pages"}],"about":[{"href":"https:\/\/kybernaut.cz\/en\/wp-json\/wp\/v2\/types\/page"}],"author":[{"embeddable":true,"href":"https:\/\/kybernaut.cz\/en\/wp-json\/wp\/v2\/users\/1"}],"replies":[{"embeddable":true,"href":"https:\/\/kybernaut.cz\/en\/wp-json\/wp\/v2\/comments?post=2176"}],"version-history":[{"count":28,"href":"https:\/\/kybernaut.cz\/en\/wp-json\/wp\/v2\/pages\/2176\/revisions"}],"predecessor-version":[{"id":2867,"href":"https:\/\/kybernaut.cz\/en\/wp-json\/wp\/v2\/pages\/2176\/revisions\/2867"}],"wp:attachment":[{"href":"https:\/\/kybernaut.cz\/en\/wp-json\/wp\/v2\/media?parent=2176"}],"curies":[{"name":"wp","href":"https:\/\/api.w.org\/{rel}","templated":true}]}}