{"id":2170,"date":"2024-05-26T20:20:00","date_gmt":"2024-05-26T20:20:00","guid":{"rendered":"https:\/\/kybernaut.cz\/about-me\/"},"modified":"2024-06-26T08:55:48","modified_gmt":"2024-06-26T08:55:48","slug":"about-me","status":"publish","type":"page","link":"https:\/\/kybernaut.cz\/en\/about-me\/","title":{"rendered":"About me"},"content":{"rendered":"\n<div class=\"wp-block-group alignfull has-global-padding is-layout-constrained wp-container-core-group-is-layout-98838269 wp-block-group-is-layout-constrained\" style=\"margin-top:0;margin-bottom:0;padding-top:var(--wp--preset--spacing--10);padding-right:var(--wp--preset--spacing--50);padding-bottom:var(--wp--preset--spacing--50);padding-left:var(--wp--preset--spacing--50)\">\n<div class=\"wp-block-columns alignwide is-layout-flex wp-container-core-columns-is-layout-08c01c1c wp-block-columns-is-layout-flex\">\n<div class=\"wp-block-column block-visibility-hide-small-screen block-visibility-hide-extra-small-screen has-global-padding is-content-justification-left is-layout-constrained wp-container-core-column-is-layout-4f15e8fe wp-block-column-is-layout-constrained\" style=\"flex-basis:40%\">\n<figure class=\"wp-block-image alignfull size-medium\"><img loading=\"lazy\" decoding=\"async\" width=\"650\" height=\"668\" src=\"https:\/\/kybernaut.cz\/wp-content\/uploads\/2024\/03\/karolina-vysocilova-omne-650x668.jpeg\" alt=\"\" class=\"wp-image-40\" srcset=\"https:\/\/kybernaut.cz\/wp-content\/uploads\/2024\/03\/karolina-vysocilova-omne-650x668.jpeg 650w, https:\/\/kybernaut.cz\/wp-content\/uploads\/2024\/03\/karolina-vysocilova-omne-350x360.jpeg 350w, https:\/\/kybernaut.cz\/wp-content\/uploads\/2024\/03\/karolina-vysocilova-omne-768x790.jpeg 768w, https:\/\/kybernaut.cz\/wp-content\/uploads\/2024\/03\/karolina-vysocilova-omne-996x1024.jpeg 996w, https:\/\/kybernaut.cz\/wp-content\/uploads\/2024\/03\/karolina-vysocilova-omne-1494x1536.jpeg 1494w, https:\/\/kybernaut.cz\/wp-content\/uploads\/2024\/03\/karolina-vysocilova-omne-292x300.jpeg 292w, https:\/\/kybernaut.cz\/wp-content\/uploads\/2024\/03\/karolina-vysocilova-omne.jpeg 1556w\" sizes=\"auto, (max-width: 650px) 100vw, 650px\" \/><\/figure>\n<\/div>\n\n\n\n<div class=\"wp-block-column is-layout-flow wp-container-core-column-is-layout-f5bb311e wp-block-column-is-layout-flow\" style=\"flex-basis:60%\">\n<p class=\"has-large-font-size\" style=\"padding-bottom:0\">For more than ten years, I have been creating websites and plugins that are pleasing to the eye and, more importantly, work like clockwork. <\/p>\n\n\n\n<p class=\"has-medium-font-size\" style=\"padding-top:0\">I am intrigued by your business and particularly interested in the website&#8217;s objectives. I want to ensure that our collaborative efforts are meaningful and align with your workflow. Don&#8217;t pay for what you don&#8217;t need and save time and money.<\/p>\n\n\n\n<div class=\"wp-block-columns is-layout-flex wp-container-core-columns-is-layout-87beb0d0 wp-block-columns-is-layout-flex\">\n<div class=\"wp-block-column is-layout-flow wp-block-column-is-layout-flow\">\n<p>I currently focus on corporate websites and developing various custom extensions. I don&#8217;t maintain websites that someone else built.<\/p>\n\n\n\n<p>I will enhance website customization and optimize speed and performance, enabling easy website management. We&#8217;ll automate what we can. We&#8217;ll do video documentation where it&#8217;s not clear to you. The content is up to you.<\/p>\n<\/div>\n\n\n\n<div class=\"wp-block-column is-layout-flow wp-block-column-is-layout-flow\">\n<p>With few exceptions, I don&#8217;t work weekends or evenings. Instead, I&#8217;m with family and friends. Over coffee, over a meal, with a book, in the woods or mountains, on a short walk or a long trek, often on a bike, and sometimes from the mud of an orienteering race.<\/p>\n\n\n\n<p>I&#8217;ve been making websites for a long time, but I&#8217;m originally a linguist with a focus on Czech and computer language processing (NLP, before it was cool). I even have a PhD in it.<\/p>\n<\/div>\n<\/div>\n\n\n\n<p>P.S. I <a href=\"https:\/\/kybernaut.cz\/en\/about-me\/#prednasim-skolim\">lecture and train<\/a>, I am an active member of the <a href=\"https:\/\/kybernaut.cz\/en\/about-me\/#wp-komunita\">WP community<\/a> and I am <a href=\"https:\/\/kybernaut.cz\/en\/about-me\/#ucim-se\">constantly learning<\/a>.<\/p>\n<\/div>\n<\/div>\n<\/div>\n\n<div class=\"wp-block-group kbnt-rounded-tr-bl has-contrast-color has-custom-light-gray-background-color has-text-color has-background has-global-padding is-layout-constrained wp-container-core-group-is-layout-8bf51df4 wp-block-group-is-layout-constrained\" style=\"margin-top:0;margin-bottom:0;padding-top:var(--wp--preset--spacing--30);padding-right:var(--wp--preset--spacing--30);padding-bottom:var(--wp--preset--spacing--30);padding-left:var(--wp--preset--spacing--30)\">\n<div class=\"wp-block-group has-global-padding is-layout-constrained wp-block-group-is-layout-constrained\">\n<p class=\"has-text-align-center\">I have been working with Karol\u00edna for five years now and I couldn\u2019t be happier. With her <mark style=\"background-color:#0252ab\" class=\"has-inline-color has-custom-light-gray-color\">on-point questions and great attitude, she can steer the project in the right direction<\/mark> from the very beginning and ensure its success always. You can see that she truly enjoys her work, so working with her is always a pleasant experience. I would recommend her to anyone!<\/p>\n\n\n\n<div class=\"wp-block-group is-vertical is-content-justification-center is-nowrap is-layout-flex wp-container-core-group-is-layout-2dc08cea wp-block-group-is-layout-flex\">\n<p class=\"has-text-align-center\" style=\"margin-top:var(--wp--preset--spacing--10);margin-bottom:0\">Mark\u00e9ta K\u0159epelov\u00e1<\/p>\n\n\n\n<p class=\"has-text-align-center has-contrast-3-color has-text-color has-small-font-size\" style=\"font-style:normal;font-weight:300\">Autodesk<\/p>\n<\/div>\n<\/div>\n<\/div>\n\n<div class=\"wp-block-group alignfull has-global-padding is-layout-constrained wp-container-core-group-is-layout-2c093f06 wp-block-group-is-layout-constrained\" style=\"padding-top:var(--wp--preset--spacing--50);padding-right:var(--wp--preset--spacing--50);padding-bottom:0;padding-left:var(--wp--preset--spacing--50)\">\n<div class=\"wp-block-columns alignwide is-layout-flex wp-container-core-columns-is-layout-08c01c1c wp-block-columns-is-layout-flex\" id=\"prednasim-skolim\">\n<div class=\"wp-block-column is-layout-flow wp-block-column-is-layout-flow\" style=\"flex-basis:33%\">\n<h2 class=\"wp-block-heading has-large-font-size\">I lecture and train<\/h2>\n<\/div>\n\n\n\n<div class=\"wp-block-column is-layout-flow wp-container-core-column-is-layout-22223934 wp-block-column-is-layout-flow\">\n<p>I understand WordPress, and I like to pass on my knowledge. Online, you can hear about the <a href=\"https:\/\/www.youtube.com\/watch?v=9VsnLolujyw&amp;list=PLnXfazh66kVc-AY46ixdAGzlsfPtP4mx-&amp;index=4\" target=\"_blank\" rel=\"noreferrer noopener nofollow\">components in the Gutenberg editor<\/a> (Front Conference 2021), learn <a href=\"https:\/\/www.youtube.com\/watch?v=jaDir7ifWyM&amp;list=PL4mDPhqGGoMNt5mJjAkWmVswmX_EdJ6Fr&amp;index=17\" target=\"_blank\" rel=\"noreferrer noopener nofollow\">how to edit templates properly<\/a> (WordCamp Prague 2020), or examine the <a href=\"https:\/\/www.youtube.com\/watch?v=PHC9IBeqaOU&amp;list=PLMjppuqPWWdn90KUBiVDn19Ij60bYoGYl&amp;index=12\" target=\"_blank\" rel=\"noreferrer noopener nofollow\">Timber plugin<\/a> (WordCamp Bratislava 2019).<\/p>\n\n\n\n<p>I can explain everything, even to beginners. You can listen to me at <a href=\"https:\/\/www.czechitas.cz\/\" target=\"_blank\" rel=\"noreferrer noopener nofollow\">Czechitas<\/a> training courses or events organized by <a href=\"https:\/\/naswp.cz\/\" target=\"_blank\" rel=\"noreferrer noopener nofollow\">Our WP.<\/a><\/p>\n<\/div>\n<\/div>\n\n\n\n<div class=\"wp-block-columns alignwide is-layout-flex wp-container-core-columns-is-layout-08c01c1c wp-block-columns-is-layout-flex\" id=\"moderuji\">\n<div class=\"wp-block-column is-layout-flow wp-block-column-is-layout-flow\" style=\"flex-basis:33%\">\n<h2 class=\"wp-block-heading has-large-font-size\">Emcee<\/h2>\n<\/div>\n\n\n\n<div class=\"wp-block-column is-layout-flow wp-container-core-column-is-layout-22223934 wp-block-column-is-layout-flow\">\n<p>I moderate Czech conferences dedicated to programming and websites\u2014in recent years, you could see me at <a href=\"https:\/\/webexpo.net\/\" target=\"_blank\" rel=\"noreferrer noopener nofollow\">WebExpo<\/a> or <a href=\"https:\/\/frontendisti.cz\/konference\" target=\"_blank\" rel=\"noreferrer noopener nofollow\">FrontCon<\/a>.<\/p>\n<\/div>\n<\/div>\n\n\n\n<div class=\"wp-block-columns alignwide is-layout-flex wp-container-core-columns-is-layout-08c01c1c wp-block-columns-is-layout-flex\" id=\"wp-komunita\">\n<div class=\"wp-block-column is-layout-flow wp-block-column-is-layout-flow\" style=\"flex-basis:33%\">\n<h2 class=\"wp-block-heading has-large-font-size\"><strong><strong>I am an active member of the Czech WordPress community <\/strong><\/strong><\/h2>\n\n\n\n<figure class=\"wp-block-image size-full\"><img loading=\"lazy\" decoding=\"async\" width=\"1098\" height=\"452\" src=\"https:\/\/kybernaut.cz\/wp-content\/uploads\/2024\/06\/wp-org-2024-badges.png\" alt=\"wordpress.org contribution history\" class=\"wp-image-2345\" style=\"object-fit:cover\" srcset=\"https:\/\/kybernaut.cz\/wp-content\/uploads\/2024\/06\/wp-org-2024-badges.png 1098w, https:\/\/kybernaut.cz\/wp-content\/uploads\/2024\/06\/wp-org-2024-badges-650x268.png 650w, https:\/\/kybernaut.cz\/wp-content\/uploads\/2024\/06\/wp-org-2024-badges-350x144.png 350w, https:\/\/kybernaut.cz\/wp-content\/uploads\/2024\/06\/wp-org-2024-badges-768x316.png 768w, https:\/\/kybernaut.cz\/wp-content\/uploads\/2024\/06\/wp-org-2024-badges-50x21.png 50w\" sizes=\"auto, (max-width: 1098px) 100vw, 1098px\" \/><\/figure>\n<\/div>\n\n\n\n<div class=\"wp-block-column is-layout-flow wp-container-core-column-is-layout-22223934 wp-block-column-is-layout-flow\">\n<p>I participate in the organization of WordCamp Prague conferences, which are focused not only on WP but also on web-related areas (design, marketing, etc.). <a href=\"https:\/\/2020.prague.wordcamp.org\/\" target=\"_blank\" rel=\"noreferrer noopener nofollow\">In 2020, I was even the main organizer. <\/a> Wondering how to organize such an event? Listen to the <a href=\"https:\/\/2020.prague.wordcamp.org\/2020\/01\/21\/ze-zakulisi-wordcampu-rozhovor-s-organizatory\/\" target=\"_blank\" rel=\"noreferrer noopener nofollow\">interview<\/a>.<\/p>\n\n\n\n<p>In addition, I organize regular <a href=\"https:\/\/www.meetup.com\/naswp-cz\/\" target=\"_blank\" rel=\"noreferrer noopener nofollow\">WP Beer<\/a> in Prague and I am behind the <a href=\"https:\/\/naswp.cz\/\" target=\"_blank\" rel=\"noreferrer noopener nofollow\">Our WP<\/a> association.<\/p>\n\n\n\n<p>I translate plugins from other programmers into English and <a href=\"https:\/\/kybernaut.cz\/en\/plugins\/\" target=\"_blank\" rel=\"noreferrer noopener\">create my own <\/a>\u2014some of them are free to download from the <a href=\"https:\/\/profiles.wordpress.org\/vyskoczilova#content-plugins\" target=\"_blank\" rel=\"noreferrer noopener nofollow\">WP repository<\/a>. I am contributing to the WordPress and WooCommerce ecosystem.<\/p>\n\n\n\n<p>Apart from WordPress-related events, you can regularly find me at <a href=\"https:\/\/frontendisti.cz\/\" data-type=\"link\" data-id=\"https:\/\/frontendisti.cz\/\" target=\"_blank\" rel=\"noreferrer noopener nofollow\">Frontendist<\/a> events, with whom I work closely and sometimes help at their events.<\/p>\n<\/div>\n<\/div>\n\n\n\n<div class=\"wp-block-columns alignwide is-layout-flex wp-container-core-columns-is-layout-08c01c1c wp-block-columns-is-layout-flex\" id=\"ucim-se\">\n<div class=\"wp-block-column is-layout-flow wp-block-column-is-layout-flow\" style=\"flex-basis:33%\">\n<h2 class=\"wp-block-heading has-large-font-size\"><strong>I go to conferences and try new things<\/strong><\/h2>\n<\/div>\n\n\n\n<div class=\"wp-block-column is-layout-flow wp-container-core-column-is-layout-22223934 wp-block-column-is-layout-flow\">\n<p>Like everyone else, I go to workshops and conferences. We can meet regularly at WordCamp Prague, WordCamp Europe, Prague WebExpo and smaller meetups. And I also follow countless blogs, newsletters, twitter threads and debate with colleagues. <\/p>\n\n\n\n<p>Of course, I also test everything on my projects &#8211; for example, my website is built using Full Site Editor and the basic Twenty Twenty-Four template.<\/p>\n\n\n\n<p>Like everyone, I&#8217;ve been trying to incorporate generative AI into my workflow, and GitHub Copilot is, of course, right at home.<\/p>\n<\/div>\n<\/div>\n\n\n\n<figure class=\"wp-block-gallery alignfull has-nested-images columns-5 is-cropped wp-block-gallery-10 is-layout-flex wp-block-gallery-is-layout-flex\" style=\"padding-right:var(--wp--preset--spacing--30);padding-left:var(--wp--preset--spacing--30)\">\n<figure class=\"wp-block-image size-medium is-style-rounded is-style-rounded--1\"><a href=\"https:\/\/kybernaut.cz\/wp-content\/uploads\/2024\/03\/img_1575_1-1.jpg\"><img loading=\"lazy\" decoding=\"async\" width=\"650\" height=\"433\" data-id=\"115\" src=\"https:\/\/kybernaut.cz\/wp-content\/uploads\/2024\/03\/img_1575_1-1-650x433.jpg\" alt=\"WordCamp 2017\" class=\"wp-image-115\" srcset=\"https:\/\/kybernaut.cz\/wp-content\/uploads\/2024\/03\/img_1575_1-1-650x433.jpg 650w, https:\/\/kybernaut.cz\/wp-content\/uploads\/2024\/03\/img_1575_1-1-1920x1280.jpg 1920w, https:\/\/kybernaut.cz\/wp-content\/uploads\/2024\/03\/img_1575_1-1-350x233.jpg 350w, https:\/\/kybernaut.cz\/wp-content\/uploads\/2024\/03\/img_1575_1-1-768x512.jpg 768w, https:\/\/kybernaut.cz\/wp-content\/uploads\/2024\/03\/img_1575_1-1-1536x1024.jpg 1536w, https:\/\/kybernaut.cz\/wp-content\/uploads\/2024\/03\/img_1575_1-1-2048x1365.jpg 2048w\" sizes=\"auto, (max-width: 650px) 100vw, 650px\" \/><\/a><figcaption class=\"wp-element-caption\">WordCamp Praha 2019<\/figcaption><\/figure>\n\n\n\n<figure class=\"wp-block-image size-medium is-style-rounded is-style-rounded--2\"><a href=\"https:\/\/kybernaut.cz\/wp-content\/uploads\/2024\/03\/wordcamp_praha_202.jpeg\"><img loading=\"lazy\" decoding=\"async\" width=\"650\" height=\"812\" data-id=\"103\" src=\"https:\/\/kybernaut.cz\/wp-content\/uploads\/2024\/03\/wordcamp_praha_202-650x812.jpeg\" alt=\"\" class=\"wp-image-103\" srcset=\"https:\/\/kybernaut.cz\/wp-content\/uploads\/2024\/03\/wordcamp_praha_202-650x812.jpeg 650w, https:\/\/kybernaut.cz\/wp-content\/uploads\/2024\/03\/wordcamp_praha_202-350x437.jpeg 350w, https:\/\/kybernaut.cz\/wp-content\/uploads\/2024\/03\/wordcamp_praha_202-768x959.jpeg 768w, https:\/\/kybernaut.cz\/wp-content\/uploads\/2024\/03\/wordcamp_praha_202-820x1024.jpeg 820w, https:\/\/kybernaut.cz\/wp-content\/uploads\/2024\/03\/wordcamp_praha_202-240x300.jpeg 240w, https:\/\/kybernaut.cz\/wp-content\/uploads\/2024\/03\/wordcamp_praha_202.jpeg 1045w\" sizes=\"auto, (max-width: 650px) 100vw, 650px\" \/><\/a><figcaption class=\"wp-element-caption\">WordCamp Praha 2020<\/figcaption><\/figure>\n\n\n\n<figure class=\"wp-block-image size-medium is-style-rounded is-style-rounded--3\"><a href=\"https:\/\/kybernaut.cz\/wp-content\/uploads\/2024\/03\/dsc3441.jpg\"><img loading=\"lazy\" decoding=\"async\" width=\"650\" height=\"433\" data-id=\"106\" src=\"https:\/\/kybernaut.cz\/wp-content\/uploads\/2024\/03\/dsc3441-650x433.jpg\" alt=\"\" class=\"wp-image-106\" srcset=\"https:\/\/kybernaut.cz\/wp-content\/uploads\/2024\/03\/dsc3441-650x433.jpg 650w, https:\/\/kybernaut.cz\/wp-content\/uploads\/2024\/03\/dsc3441-350x233.jpg 350w, https:\/\/kybernaut.cz\/wp-content\/uploads\/2024\/03\/dsc3441-768x512.jpg 768w, https:\/\/kybernaut.cz\/wp-content\/uploads\/2024\/03\/dsc3441-1024x682.jpg 1024w, https:\/\/kybernaut.cz\/wp-content\/uploads\/2024\/03\/dsc3441-1536x1023.jpg 1536w, https:\/\/kybernaut.cz\/wp-content\/uploads\/2024\/03\/dsc3441-300x200.jpg 300w, https:\/\/kybernaut.cz\/wp-content\/uploads\/2024\/03\/dsc3441.jpg 1800w\" sizes=\"auto, (max-width: 650px) 100vw, 650px\" \/><\/a><figcaption class=\"wp-element-caption\">WordCamp Praha 2020<\/figcaption><\/figure>\n\n\n\n<figure class=\"wp-block-image size-medium is-style-rounded is-style-rounded--4\"><a href=\"https:\/\/kybernaut.cz\/wp-content\/uploads\/2024\/03\/img_6500.jpeg\"><img loading=\"lazy\" decoding=\"async\" width=\"650\" height=\"366\" data-id=\"113\" src=\"https:\/\/kybernaut.cz\/wp-content\/uploads\/2024\/03\/img_6500-650x366.jpeg\" alt=\"\" class=\"wp-image-113\" srcset=\"https:\/\/kybernaut.cz\/wp-content\/uploads\/2024\/03\/img_6500-650x366.jpeg 650w, https:\/\/kybernaut.cz\/wp-content\/uploads\/2024\/03\/img_6500-1920x1080.jpeg 1920w, https:\/\/kybernaut.cz\/wp-content\/uploads\/2024\/03\/img_6500-350x197.jpeg 350w, https:\/\/kybernaut.cz\/wp-content\/uploads\/2024\/03\/img_6500-768x432.jpeg 768w, https:\/\/kybernaut.cz\/wp-content\/uploads\/2024\/03\/img_6500-1536x864.jpeg 1536w, https:\/\/kybernaut.cz\/wp-content\/uploads\/2024\/03\/img_6500-2048x1152.jpeg 2048w\" sizes=\"auto, (max-width: 650px) 100vw, 650px\" \/><\/a><figcaption class=\"wp-element-caption\">FrontKon 2023<\/figcaption><\/figure>\n\n\n\n<figure class=\"wp-block-image size-medium is-style-rounded is-style-rounded--5\"><a href=\"https:\/\/kybernaut.cz\/wp-content\/uploads\/2024\/03\/img_4631.jpeg\"><img loading=\"lazy\" decoding=\"async\" width=\"650\" height=\"867\" data-id=\"114\" src=\"https:\/\/kybernaut.cz\/wp-content\/uploads\/2024\/03\/img_4631-650x867.jpeg\" alt=\"\" class=\"wp-image-114\" srcset=\"https:\/\/kybernaut.cz\/wp-content\/uploads\/2024\/03\/img_4631-650x867.jpeg 650w, https:\/\/kybernaut.cz\/wp-content\/uploads\/2024\/03\/img_4631-scaled.jpeg 1920w, https:\/\/kybernaut.cz\/wp-content\/uploads\/2024\/03\/img_4631-350x467.jpeg 350w, https:\/\/kybernaut.cz\/wp-content\/uploads\/2024\/03\/img_4631-768x1024.jpeg 768w, https:\/\/kybernaut.cz\/wp-content\/uploads\/2024\/03\/img_4631-1152x1536.jpeg 1152w, https:\/\/kybernaut.cz\/wp-content\/uploads\/2024\/03\/img_4631-1536x2048.jpeg 1536w\" sizes=\"auto, (max-width: 650px) 100vw, 650px\" \/><\/a><figcaption class=\"wp-element-caption\">WordCamp Europe 2023<\/figcaption><\/figure>\n\n\n\n<figure class=\"wp-block-image size-medium is-style-rounded is-style-rounded--6\"><a href=\"https:\/\/kybernaut.cz\/wp-content\/uploads\/2024\/03\/webexpo_2023_04.jpeg\"><img loading=\"lazy\" decoding=\"async\" width=\"650\" height=\"366\" data-id=\"112\" src=\"https:\/\/kybernaut.cz\/wp-content\/uploads\/2024\/03\/webexpo_2023_04-650x366.jpeg\" alt=\"\" class=\"wp-image-112\" srcset=\"https:\/\/kybernaut.cz\/wp-content\/uploads\/2024\/03\/webexpo_2023_04-650x366.jpeg 650w, https:\/\/kybernaut.cz\/wp-content\/uploads\/2024\/03\/webexpo_2023_04-1920x1080.jpeg 1920w, https:\/\/kybernaut.cz\/wp-content\/uploads\/2024\/03\/webexpo_2023_04-350x197.jpeg 350w, https:\/\/kybernaut.cz\/wp-content\/uploads\/2024\/03\/webexpo_2023_04-768x432.jpeg 768w, https:\/\/kybernaut.cz\/wp-content\/uploads\/2024\/03\/webexpo_2023_04-1536x864.jpeg 1536w, https:\/\/kybernaut.cz\/wp-content\/uploads\/2024\/03\/webexpo_2023_04-300x169.jpeg 300w, https:\/\/kybernaut.cz\/wp-content\/uploads\/2024\/03\/webexpo_2023_04-1024x576.jpeg 1024w, https:\/\/kybernaut.cz\/wp-content\/uploads\/2024\/03\/webexpo_2023_04.jpeg 2048w\" sizes=\"auto, (max-width: 650px) 100vw, 650px\" \/><\/a><figcaption class=\"wp-element-caption\">WebExpo 2023<\/figcaption><\/figure>\n\n\n\n<figure class=\"wp-block-image size-medium is-style-rounded is-style-rounded--7\"><a href=\"https:\/\/kybernaut.cz\/wp-content\/uploads\/2024\/03\/wceu_carlos_moreira_vova_feldman.jpeg\"><img loading=\"lazy\" decoding=\"async\" width=\"650\" height=\"488\" data-id=\"109\" src=\"https:\/\/kybernaut.cz\/wp-content\/uploads\/2024\/03\/wceu_carlos_moreira_vova_feldman-650x488.jpeg\" alt=\"\" class=\"wp-image-109\" srcset=\"https:\/\/kybernaut.cz\/wp-content\/uploads\/2024\/03\/wceu_carlos_moreira_vova_feldman-650x488.jpeg 650w, https:\/\/kybernaut.cz\/wp-content\/uploads\/2024\/03\/wceu_carlos_moreira_vova_feldman-1920x1440.jpeg 1920w, https:\/\/kybernaut.cz\/wp-content\/uploads\/2024\/03\/wceu_carlos_moreira_vova_feldman-350x263.jpeg 350w, https:\/\/kybernaut.cz\/wp-content\/uploads\/2024\/03\/wceu_carlos_moreira_vova_feldman-1536x1152.jpeg 1536w, https:\/\/kybernaut.cz\/wp-content\/uploads\/2024\/03\/wceu_carlos_moreira_vova_feldman-768x576.jpeg 768w, https:\/\/kybernaut.cz\/wp-content\/uploads\/2024\/03\/wceu_carlos_moreira_vova_feldman-300x225.jpeg 300w, https:\/\/kybernaut.cz\/wp-content\/uploads\/2024\/03\/wceu_carlos_moreira_vova_feldman-1024x768.jpeg 1024w, https:\/\/kybernaut.cz\/wp-content\/uploads\/2024\/03\/wceu_carlos_moreira_vova_feldman.jpeg 2016w\" sizes=\"auto, (max-width: 650px) 100vw, 650px\" \/><\/a><figcaption class=\"wp-element-caption\">WordCamp Europe 2023, Freemius meeting<\/figcaption><\/figure>\n\n\n\n<figure class=\"wp-block-image size-medium is-style-rounded is-style-rounded--8\"><a href=\"https:\/\/kybernaut.cz\/wp-content\/uploads\/2024\/03\/dsc08873-2.jpg\"><img loading=\"lazy\" decoding=\"async\" width=\"650\" height=\"433\" data-id=\"116\" src=\"https:\/\/kybernaut.cz\/wp-content\/uploads\/2024\/03\/dsc08873-2-650x433.jpg\" alt=\"\" class=\"wp-image-116\" srcset=\"https:\/\/kybernaut.cz\/wp-content\/uploads\/2024\/03\/dsc08873-2-650x433.jpg 650w, https:\/\/kybernaut.cz\/wp-content\/uploads\/2024\/03\/dsc08873-2-1920x1280.jpg 1920w, https:\/\/kybernaut.cz\/wp-content\/uploads\/2024\/03\/dsc08873-2-350x233.jpg 350w, https:\/\/kybernaut.cz\/wp-content\/uploads\/2024\/03\/dsc08873-2-768x512.jpg 768w, https:\/\/kybernaut.cz\/wp-content\/uploads\/2024\/03\/dsc08873-2-1536x1024.jpg 1536w, https:\/\/kybernaut.cz\/wp-content\/uploads\/2024\/03\/dsc08873-2-2048x1365.jpg 2048w\" sizes=\"auto, (max-width: 650px) 100vw, 650px\" \/><\/a><figcaption class=\"wp-element-caption\">WordCamp Europe 2023<\/figcaption><\/figure>\n\n\n\n<figure class=\"wp-block-image size-medium is-style-rounded is-style-rounded--9\"><a href=\"https:\/\/kybernaut.cz\/wp-content\/uploads\/2024\/03\/frontkon_2023.jpeg\"><img loading=\"lazy\" decoding=\"async\" width=\"650\" height=\"432\" data-id=\"110\" src=\"https:\/\/kybernaut.cz\/wp-content\/uploads\/2024\/03\/frontkon_2023-650x432.jpeg\" alt=\"\" class=\"wp-image-110\" srcset=\"https:\/\/kybernaut.cz\/wp-content\/uploads\/2024\/03\/frontkon_2023-650x432.jpeg 650w, https:\/\/kybernaut.cz\/wp-content\/uploads\/2024\/03\/frontkon_2023-1920x1277.jpeg 1920w, https:\/\/kybernaut.cz\/wp-content\/uploads\/2024\/03\/frontkon_2023-350x233.jpeg 350w, https:\/\/kybernaut.cz\/wp-content\/uploads\/2024\/03\/frontkon_2023-768x511.jpeg 768w, https:\/\/kybernaut.cz\/wp-content\/uploads\/2024\/03\/frontkon_2023-1536x1022.jpeg 1536w, https:\/\/kybernaut.cz\/wp-content\/uploads\/2024\/03\/frontkon_2023-2048x1363.jpeg 2048w\" sizes=\"auto, (max-width: 650px) 100vw, 650px\" \/><\/a><figcaption class=\"wp-element-caption\">FrontKon 2023<\/figcaption><\/figure>\n<\/figure>\n<\/div>\n\n<div class=\"wp-block-group alignfull has-custom-lightgray-to-white-gradient-background has-background has-global-padding is-layout-constrained wp-container-core-group-is-layout-f373e417 wp-block-group-is-layout-constrained\" style=\"margin-top:var(--wp--preset--spacing--50);margin-bottom:0;padding-top:var(--wp--preset--spacing--40);padding-right:var(--wp--preset--spacing--20);padding-bottom:0;padding-left:var(--wp--preset--spacing--20)\">\n<div class=\"wp-block-group has-global-padding is-layout-constrained wp-block-group-is-layout-constrained\">\n<h2 class=\"wp-block-heading has-text-align-center has-contrast-color has-text-color has-link-color has-x-large-font-size wp-elements-ee21b9470571c377dca23781461e103f\" style=\"margin-right:0;margin-left:0;padding-right:0;padding-left:0\">Do you have a project you want to discuss?<br\/><a href=\"mailto:karolina@kybernaut.cz\">Shoot me an e-mail<\/a>.<\/h2>\n\n\n\n<div style=\"height:var(--wp--preset--spacing--10)\" aria-hidden=\"true\" class=\"wp-block-spacer\"><\/div>\n\n\n\n<p class=\"has-text-align-center\">Need some quick advice? <a href=\"https:\/\/kybernaut.cz\/en\/consultation\/\" data-type=\"page\" data-id=\"132\">Schedule a short consultation.<\/a><\/p>\n<\/div>\n<\/div>\n","protected":false},"excerpt":{"rendered":"<p>I&#8217;m Karol\u00edna Vysko\u010dilov\u00e1 &#8211; developer specializing in WordPress and WooCommerce, I educate and consult.<\/p>\n","protected":false},"author":1,"featured_media":0,"parent":0,"menu_order":0,"comment_status":"closed","ping_status":"closed","template":"","meta":{"_acf_changed":false,"iawp_total_views":116,"footnotes":""},"class_list":["post-2170","page","type-page","status-publish","hentry"],"acf":[],"_links":{"self":[{"href":"https:\/\/kybernaut.cz\/en\/wp-json\/wp\/v2\/pages\/2170","targetHints":{"allow":["GET"]}}],"collection":[{"href":"https:\/\/kybernaut.cz\/en\/wp-json\/wp\/v2\/pages"}],"about":[{"href":"https:\/\/kybernaut.cz\/en\/wp-json\/wp\/v2\/types\/page"}],"author":[{"embeddable":true,"href":"https:\/\/kybernaut.cz\/en\/wp-json\/wp\/v2\/users\/1"}],"replies":[{"embeddable":true,"href":"https:\/\/kybernaut.cz\/en\/wp-json\/wp\/v2\/comments?post=2170"}],"version-history":[{"count":4,"href":"https:\/\/kybernaut.cz\/en\/wp-json\/wp\/v2\/pages\/2170\/revisions"}],"predecessor-version":[{"id":2538,"href":"https:\/\/kybernaut.cz\/en\/wp-json\/wp\/v2\/pages\/2170\/revisions\/2538"}],"wp:attachment":[{"href":"https:\/\/kybernaut.cz\/en\/wp-json\/wp\/v2\/media?parent=2170"}],"curies":[{"name":"wp","href":"https:\/\/api.w.org\/{rel}","templated":true}]}}