{"id":2102,"date":"2024-03-14T15:46:29","date_gmt":"2024-03-14T15:46:29","guid":{"rendered":"https:\/\/kybernaut.cz\/gdpr\/"},"modified":"2024-06-08T19:48:47","modified_gmt":"2024-06-08T19:48:47","slug":"gdpr","status":"publish","type":"page","link":"https:\/\/kybernaut.cz\/en\/gdpr\/","title":{"rendered":"GDPR"},"content":{"rendered":"\n<p>I am Karol\u00edna Vysko\u010dilov\u00e1, ID 88922961, with a registered office at Za Poho\u0159elcem 672\/15, 169 00 Prague 6, Czech Republic, person registered in the Trade Register since 23. 7. 2012, registered by the Office of the Municipal District of Prague 6.<\/p>\n\n<h2 class=\"wp-block-heading has-medium-font-size\"><strong>Inquiry by e-mail or using the contact form<\/strong><\/h2>\n\n<p>I will process the completed data (or data sent by email) to answer your inquiries and questions. <\/p>\n\n<p>If we collaborate, I will use your name, contact information (email, phone), business details, and any other data you share with me to deliver services (and subsequent invoicing). The data will be processed for 10 years after the end of the cooperation. This data processing complies with the GDPR (contract negotiation and contract performance). <\/p>\n\n<p>In case of non-cooperation, I will delete the data within 1 month.<\/p>\n\n<h2 class=\"wp-block-heading has-medium-font-size\"><strong>Purchase through the Freemius platform<\/strong><\/h2>\n\n<p>The data is processed by <a href=\"https:\/\/freemius.com\/\" target=\"_blank\" rel=\"noreferrer noopener nofollow\">Freemius<\/a> (based in the USA) based on your order to purchase the plugin, and you have the right to set what data you share with me as the plugin developer. <\/p>\n\n<p>The data required for invoicing, order delivery, and license management is processed automatically. Other data about the page you are using the plugin on is fully in <a href=\"https:\/\/github.com\/Freemius\/data-concerns-faq\/blob\/master\/faq-08.md\" target=\"_blank\" rel=\"noreferrer noopener nofollow\">opt-in <\/a> mode, i.e. you set it yourself. The data controller, in this case, is Freemius, and it only provides me with access to the data.<\/p>\n\n<h2 class=\"wp-block-heading has-medium-font-size\">Access to your data<\/h2>\n\n<p>I consider the data to be confidential and do not share or transfer it outside the European Union. All data stored on local disks is encrypted and password protected, and source code versioning systems use two-factor authentication, among other things. <\/p>\n\n<p>I process invoices using the online accounting system <a href=\"https:\/\/www.fakturoid.cz\/\" target=\"_blank\" rel=\"noreferrer noopener nofollow\">Fakturoid<\/a>, to which my accountant from <a href=\"https:\/\/www.bkpfinance.cz\/\" target=\"_blank\" rel=\"noreferrer noopener nofollow\">BKP Finance s.r.o. <\/a> has access. Some orders or invoices can also be processed using the automation tool <a href=\"\/go\/make\" target=\"_blank\" rel=\"noreferrer noopener nofollow sponsored\">Make<\/a>.<\/p>\n\n<p>The standard communication is via email and video calls via Meet (both <a href=\"https:\/\/workspace.google.com\/\" target=\"_blank\" rel=\"noreferrer noopener nofollow\">Google Workspace<\/a>), the <a href=\"https:\/\/www.freelo.io\/\" rel=\"nofollow noopener\" target=\"_blank\">Freelo<\/a> project tool, and phone calls. Other communication channels can be set up depending on the specific project.<\/p>\n\n<p>Any emails with information about plugins are sent out via <a href=\"https:\/\/www.ecomail.cz\/\" target=\"_blank\" rel=\"noreferrer noopener nofollow\">Ecomail<\/a> (and you have the option to opt-out); it only handles first name, last name, and email.<\/p>\n\n<p>Passwords and other access data are stored in the <a href=\"https:\/\/1password.com\/\" target=\"_blank\" rel=\"noreferrer noopener nofollow\">1Password<\/a> manager.<\/p>\n\n<h2 class=\"wp-block-heading has-medium-font-size\">Questions and your rights<\/h2>\n\n<p>If you need to contact me about your data and my work with it, please email me at <a href=\"mailto:karolina@kybernaut.cz\">karolina@kybernaut.cz<\/a> or call me at <a href=\"tel:+420737878726\">+420 737 87 87 26<\/a>.<\/p>\n\n<p>The GDPR (Regulation (EU) 2016\/679 of the European Parliament and of the Council on the protection of natural persons with regard to the processing of personal data and on the free movement of such data, and repealing Directive 95\/46\/EC) gives you the right, among other things, to obtain information about the processing of personal data, to request access, to update or modify it, to obtain a copy of it or to request its deletion.  <\/p>\n\n<p>If you believe that I am not handling your personal data in accordance with the law, you can file a complaint with the Office for Personal Data Protection.<\/p>\n","protected":false},"excerpt":{"rendered":"<p>How do I process clients&#8217; data and ensure data security?<\/p>\n","protected":false},"author":1,"featured_media":0,"parent":0,"menu_order":0,"comment_status":"closed","ping_status":"closed","template":"","meta":{"_acf_changed":false,"iawp_total_views":17,"footnotes":""},"class_list":["post-2102","page","type-page","status-publish","hentry"],"acf":[],"_links":{"self":[{"href":"https:\/\/kybernaut.cz\/en\/wp-json\/wp\/v2\/pages\/2102","targetHints":{"allow":["GET"]}}],"collection":[{"href":"https:\/\/kybernaut.cz\/en\/wp-json\/wp\/v2\/pages"}],"about":[{"href":"https:\/\/kybernaut.cz\/en\/wp-json\/wp\/v2\/types\/page"}],"author":[{"embeddable":true,"href":"https:\/\/kybernaut.cz\/en\/wp-json\/wp\/v2\/users\/1"}],"replies":[{"embeddable":true,"href":"https:\/\/kybernaut.cz\/en\/wp-json\/wp\/v2\/comments?post=2102"}],"version-history":[{"count":3,"href":"https:\/\/kybernaut.cz\/en\/wp-json\/wp\/v2\/pages\/2102\/revisions"}],"predecessor-version":[{"id":2126,"href":"https:\/\/kybernaut.cz\/en\/wp-json\/wp\/v2\/pages\/2102\/revisions\/2126"}],"wp:attachment":[{"href":"https:\/\/kybernaut.cz\/en\/wp-json\/wp\/v2\/media?parent=2102"}],"curies":[{"name":"wp","href":"https:\/\/api.w.org\/{rel}","templated":true}]}}