{"id":1910,"date":"2024-03-14T16:04:39","date_gmt":"2024-03-14T16:04:39","guid":{"rendered":"https:\/\/kybernaut.cz\/get-in-touch\/"},"modified":"2024-11-20T17:24:59","modified_gmt":"2024-11-20T17:24:59","slug":"get-in-touch","status":"publish","type":"page","link":"https:\/\/kybernaut.cz\/en\/get-in-touch\/","title":{"rendered":"Get in touch"},"content":{"rendered":"\n<div class=\"wp-block-group has-global-padding is-layout-constrained wp-container-core-group-is-layout-346627ba wp-block-group-is-layout-constrained\">\n<div class=\"wp-block-group is-content-justification-space-between is-nowrap is-layout-flex wp-container-core-group-is-layout-5d2582fd wp-block-group-is-layout-flex\" style=\"padding-bottom:0\">\n<div class=\"wp-block-group has-global-padding is-layout-constrained wp-block-group-is-layout-constrained\">\n<p><strong>Karol\u00edna Vysko\u010dilov\u00e1<\/strong><br><a href=\"mailto:karolina@kybernaut.cz\">karolina@kybernaut.cz<\/a><br><a href=\"tel:+420737878726\">+420 737 87 87 26<\/a><\/p>\n\n\n\n<!-- Calendly link widget begin -->\n<link href=\"https:\/\/assets.calendly.com\/assets\/external\/widget.css\" rel=\"stylesheet\"\/>\n<script src=\"https:\/\/assets.calendly.com\/assets\/external\/widget.js\" type=\"text\/javascript\" async=\"\"><\/script>\n<p>Paid consultation \n<a href=\"\" onclick=\"Calendly.initPopupWidget({url: 'https:\/\/calendly.com\/karolina-vyskocilova\/placena-konzultace'});return false;\">schedule here. <\/a>\n<\/p>\n<!-- Calendly link widget end -->\n\n\n\n<ul class=\"wp-block-social-links has-icon-color is-style-logos-only is-layout-flex wp-block-social-links-is-layout-flex\"><li style=\"color:#0252ab;\" class=\"wp-social-link wp-social-link-twitter has-custom-primary-color wp-block-social-link\"><a rel=\"noopener nofollow\" target=\"_blank\" href=\"https:\/\/twitter.com\/vyskoczilova\" class=\"wp-block-social-link-anchor\"><svg width=\"24\" height=\"24\" viewBox=\"0 0 24 24\" version=\"1.1\" xmlns=\"http:\/\/www.w3.org\/2000\/svg\" aria-hidden=\"true\" focusable=\"false\"><path d=\"M22.23,5.924c-0.736,0.326-1.527,0.547-2.357,0.646c0.847-0.508,1.498-1.312,1.804-2.27 c-0.793,0.47-1.671,0.812-2.606,0.996C18.324,4.498,17.257,4,16.077,4c-2.266,0-4.103,1.837-4.103,4.103 c0,0.322,0.036,0.635,0.106,0.935C8.67,8.867,5.647,7.234,3.623,4.751C3.27,5.357,3.067,6.062,3.067,6.814 c0,1.424,0.724,2.679,1.825,3.415c-0.673-0.021-1.305-0.206-1.859-0.513c0,0.017,0,0.034,0,0.052c0,1.988,1.414,3.647,3.292,4.023 c-0.344,0.094-0.707,0.144-1.081,0.144c-0.264,0-0.521-0.026-0.772-0.074c0.522,1.63,2.038,2.816,3.833,2.85 c-1.404,1.1-3.174,1.756-5.096,1.756c-0.331,0-0.658-0.019-0.979-0.057c1.816,1.164,3.973,1.843,6.29,1.843 c7.547,0,11.675-6.252,11.675-11.675c0-0.178-0.004-0.355-0.012-0.531C20.985,7.47,21.68,6.747,22.23,5.924z\"><\/path><\/svg><span class=\"wp-block-social-link-label screen-reader-text\">Twitter<\/span><\/a><\/li>\n\n<li style=\"color:#0252ab;\" class=\"wp-social-link wp-social-link-linkedin has-custom-primary-color wp-block-social-link\"><a rel=\"noopener nofollow\" target=\"_blank\" href=\"https:\/\/www.linkedin.com\/in\/karolina-vyskocilova\/\" class=\"wp-block-social-link-anchor\"><svg width=\"24\" height=\"24\" viewBox=\"0 0 24 24\" version=\"1.1\" xmlns=\"http:\/\/www.w3.org\/2000\/svg\" aria-hidden=\"true\" focusable=\"false\"><path d=\"M19.7,3H4.3C3.582,3,3,3.582,3,4.3v15.4C3,20.418,3.582,21,4.3,21h15.4c0.718,0,1.3-0.582,1.3-1.3V4.3 C21,3.582,20.418,3,19.7,3z M8.339,18.338H5.667v-8.59h2.672V18.338z M7.004,8.574c-0.857,0-1.549-0.694-1.549-1.548 c0-0.855,0.691-1.548,1.549-1.548c0.854,0,1.547,0.694,1.547,1.548C8.551,7.881,7.858,8.574,7.004,8.574z M18.339,18.338h-2.669 v-4.177c0-0.996-0.017-2.278-1.387-2.278c-1.389,0-1.601,1.086-1.601,2.206v4.249h-2.667v-8.59h2.559v1.174h0.037 c0.356-0.675,1.227-1.387,2.526-1.387c2.703,0,3.203,1.779,3.203,4.092V18.338z\"><\/path><\/svg><span class=\"wp-block-social-link-label screen-reader-text\">LinkedIn<\/span><\/a><\/li>\n\n<li style=\"color:#0252ab;\" class=\"wp-social-link wp-social-link-wordpress has-custom-primary-color wp-block-social-link\"><a rel=\"noopener nofollow\" target=\"_blank\" href=\"https:\/\/profiles.wordpress.org\/vyskoczilova\/\" class=\"wp-block-social-link-anchor\"><svg width=\"24\" height=\"24\" viewBox=\"0 0 24 24\" version=\"1.1\" xmlns=\"http:\/\/www.w3.org\/2000\/svg\" aria-hidden=\"true\" focusable=\"false\"><path d=\"M12.158,12.786L9.46,20.625c0.806,0.237,1.657,0.366,2.54,0.366c1.047,0,2.051-0.181,2.986-0.51 c-0.024-0.038-0.046-0.079-0.065-0.124L12.158,12.786z M3.009,12c0,3.559,2.068,6.634,5.067,8.092L3.788,8.341 C3.289,9.459,3.009,10.696,3.009,12z M18.069,11.546c0-1.112-0.399-1.881-0.741-2.48c-0.456-0.741-0.883-1.368-0.883-2.109 c0-0.826,0.627-1.596,1.51-1.596c0.04,0,0.078,0.005,0.116,0.007C16.472,3.904,14.34,3.009,12,3.009 c-3.141,0-5.904,1.612-7.512,4.052c0.211,0.007,0.41,0.011,0.579,0.011c0.94,0,2.396-0.114,2.396-0.114 C7.947,6.93,8.004,7.642,7.52,7.699c0,0-0.487,0.057-1.029,0.085l3.274,9.739l1.968-5.901l-1.401-3.838 C9.848,7.756,9.389,7.699,9.389,7.699C8.904,7.67,8.961,6.93,9.446,6.958c0,0,1.484,0.114,2.368,0.114 c0.94,0,2.397-0.114,2.397-0.114c0.485-0.028,0.542,0.684,0.057,0.741c0,0-0.488,0.057-1.029,0.085l3.249,9.665l0.897-2.996 C17.841,13.284,18.069,12.316,18.069,11.546z M19.889,7.686c0.039,0.286,0.06,0.593,0.06,0.924c0,0.912-0.171,1.938-0.684,3.22 l-2.746,7.94c2.673-1.558,4.47-4.454,4.47-7.771C20.991,10.436,20.591,8.967,19.889,7.686z M12,22C6.486,22,2,17.514,2,12 C2,6.486,6.486,2,12,2c5.514,0,10,4.486,10,10C22,17.514,17.514,22,12,22z\"><\/path><\/svg><span class=\"wp-block-social-link-label screen-reader-text\">WordPress profil<\/span><\/a><\/li>\n\n<li style=\"color:#0252ab;\" class=\"wp-social-link wp-social-link-github has-custom-primary-color wp-block-social-link\"><a rel=\"noopener nofollow\" target=\"_blank\" href=\"https:\/\/github.com\/vyskoczilova\" class=\"wp-block-social-link-anchor\"><svg width=\"24\" height=\"24\" viewBox=\"0 0 24 24\" version=\"1.1\" xmlns=\"http:\/\/www.w3.org\/2000\/svg\" aria-hidden=\"true\" focusable=\"false\"><path d=\"M12,2C6.477,2,2,6.477,2,12c0,4.419,2.865,8.166,6.839,9.489c0.5,0.09,0.682-0.218,0.682-0.484 c0-0.236-0.009-0.866-0.014-1.699c-2.782,0.602-3.369-1.34-3.369-1.34c-0.455-1.157-1.11-1.465-1.11-1.465 c-0.909-0.62,0.069-0.608,0.069-0.608c1.004,0.071,1.532,1.03,1.532,1.03c0.891,1.529,2.341,1.089,2.91,0.833 c0.091-0.647,0.349-1.086,0.635-1.337c-2.22-0.251-4.555-1.111-4.555-4.943c0-1.091,0.39-1.984,1.03-2.682 C6.546,8.54,6.202,7.524,6.746,6.148c0,0,0.84-0.269,2.75,1.025C10.295,6.95,11.15,6.84,12,6.836 c0.85,0.004,1.705,0.114,2.504,0.336c1.909-1.294,2.748-1.025,2.748-1.025c0.546,1.376,0.202,2.394,0.1,2.646 c0.64,0.699,1.026,1.591,1.026,2.682c0,3.841-2.337,4.687-4.565,4.935c0.359,0.307,0.679,0.917,0.679,1.852 c0,1.335-0.012,2.415-0.012,2.741c0,0.269,0.18,0.579,0.688,0.481C19.138,20.161,22,16.416,22,12C22,6.477,17.523,2,12,2z\"><\/path><\/svg><span class=\"wp-block-social-link-label screen-reader-text\">GitHub<\/span><\/a><\/li>\n\n<li style=\"color:#0252ab;\" class=\"wp-social-link wp-social-link-chain has-custom-primary-color wp-block-social-link\"><a rel=\"noopener nofollow\" target=\"_blank\" href=\"https:\/\/navolnenoze.cz\/prezentace\/karolina-vyskocilova\/\" class=\"wp-block-social-link-anchor\"><svg width=\"24\" height=\"24\" viewBox=\"0 0 24 24\" version=\"1.1\" xmlns=\"http:\/\/www.w3.org\/2000\/svg\" aria-hidden=\"true\" focusable=\"false\"><path d=\"M15.6,7.2H14v1.5h1.6c2,0,3.7,1.7,3.7,3.7s-1.7,3.7-3.7,3.7H14v1.5h1.6c2.8,0,5.2-2.3,5.2-5.2,0-2.9-2.3-5.2-5.2-5.2zM4.7,12.4c0-2,1.7-3.7,3.7-3.7H10V7.2H8.4c-2.9,0-5.2,2.3-5.2,5.2,0,2.9,2.3,5.2,5.2,5.2H10v-1.5H8.4c-2,0-3.7-1.7-3.7-3.7zm4.6.9h5.3v-1.5H9.3v1.5z\"><\/path><\/svg><span class=\"wp-block-social-link-label screen-reader-text\">Na voln\u00e9 noze<\/span><\/a><\/li><\/ul>\n<\/div>\n\n\n\n<figure class=\"wp-block-image alignright size-full is-resized has-custom-seda-50-background-color has-background block-visibility-hide-extra-small-screen\"><img loading=\"lazy\" decoding=\"async\" width=\"267\" height=\"274\" src=\"https:\/\/kybernaut.cz\/wp-content\/uploads\/2024\/03\/vyskocilova-kontakt.png\" alt=\"Karol\u00edna Vysko\u010dilov\u00e1 - portrait\" class=\"wp-image-22\" style=\"width:180px;height:185px\"\/><\/figure>\n\n\n\n<p><a href=\"https:\/\/twitter.com\/vyskoczilova\" target=\"_blank\" rel=\"noreferrer noopener nofollow\"><\/a><a href=\"https:\/\/www.linkedin.com\/in\/karolina-vyskocilova\/\" target=\"_blank\" rel=\"noreferrer noopener nofollow\"><\/a><a href=\"https:\/\/profiles.wordpress.org\/vyskoczilova\/\" target=\"_blank\" rel=\"noreferrer noopener nofollow\"><\/a><a href=\"https:\/\/github.com\/vyskoczilova\" target=\"_blank\" rel=\"noreferrer noopener nofollow\"><\/a><\/p>\n<\/div>\n\n\n\n<div class=\"wp-block-group has-global-padding is-layout-constrained wp-block-group-is-layout-constrained\">\n<h2 class=\"wp-block-heading has-large-font-size\">Billing information<\/h2>\n\n\n\n<p>Za Poho\u0159elcem 15, Praha 6, 169 00<br>Registration number (I\u010cO): 88922961<br>VAT number (DI\u010c): CZ8956190067 (I am a VAT payer)<\/p>\n\n\n\n<p>Czech digital data box: isstaiw<\/p>\n\n\n\n<p>Individual person registered in the Trade Register since 23. 7. 2012, registered by the Office of the Municipal District of Prague 6.<\/p>\n<\/div>\n\n\n\n<div class=\"wp-block-group has-global-padding is-layout-constrained wp-block-group-is-layout-constrained\">\n<h2 class=\"wp-block-heading has-large-font-size\">Bank details<\/h2>\n\n\n\n<p>For payments in CZK: 2501812516\/2010 (Fio)<br>For payments in EUR:: IBAN GCZ3120100000002201812522, FIOBCZPPXXX (Fio)<br>Please use the invoice number as payment reference number.<br>For payments via WISE (USD\/EUR) use account karolina@vyskocilova.cz.<\/p>\n<\/div>\n\n\n\n<div class=\"wp-block-group has-global-padding is-layout-constrained wp-block-group-is-layout-constrained\">\n<h2 class=\"wp-block-heading has-large-font-size\">Miscellaneous<\/h2>\n\n\n\n<p><a href=\"\/vyskocilova.pub\" target=\"_blank\" rel=\"noreferrer noopener\">SSH<\/a>, <a href=\"https:\/\/keybase.io\/vyskocilova\/key.asc\" target=\"_blank\" rel=\"noreferrer noopener nofollow\">PGP<\/a> \u2013 <a href=\"https:\/\/keybase.io\/vyskocilova\" rel=\"nofollow noopener\" target=\"_blank\">keybase.io\/vyskocilova<\/a><\/p>\n\n\n\n<p>Kybernaut\u00ae is a registered trademark.<\/p>\n<\/div>\n<\/div>\n","protected":false},"excerpt":{"rendered":"<p>My name is Karol\u00edna Vysko\u010dilov\u00e1 and yours?<\/p>\n","protected":false},"author":1,"featured_media":0,"parent":0,"menu_order":0,"comment_status":"closed","ping_status":"closed","template":"","meta":{"_acf_changed":false,"iawp_total_views":104,"footnotes":""},"class_list":["post-1910","page","type-page","status-publish","hentry"],"acf":[],"_links":{"self":[{"href":"https:\/\/kybernaut.cz\/en\/wp-json\/wp\/v2\/pages\/1910","targetHints":{"allow":["GET"]}}],"collection":[{"href":"https:\/\/kybernaut.cz\/en\/wp-json\/wp\/v2\/pages"}],"about":[{"href":"https:\/\/kybernaut.cz\/en\/wp-json\/wp\/v2\/types\/page"}],"author":[{"embeddable":true,"href":"https:\/\/kybernaut.cz\/en\/wp-json\/wp\/v2\/users\/1"}],"replies":[{"embeddable":true,"href":"https:\/\/kybernaut.cz\/en\/wp-json\/wp\/v2\/comments?post=1910"}],"version-history":[{"count":4,"href":"https:\/\/kybernaut.cz\/en\/wp-json\/wp\/v2\/pages\/1910\/revisions"}],"predecessor-version":[{"id":2773,"href":"https:\/\/kybernaut.cz\/en\/wp-json\/wp\/v2\/pages\/1910\/revisions\/2773"}],"wp:attachment":[{"href":"https:\/\/kybernaut.cz\/en\/wp-json\/wp\/v2\/media?parent=1910"}],"curies":[{"name":"wp","href":"https:\/\/api.w.org\/{rel}","templated":true}]}}